{"id":10392,"date":"2023-03-08T08:58:33","date_gmt":"2023-03-08T08:58:33","guid":{"rendered":"https:\/\/www.elkatherm-benelux.eu\/blog\/?page_id=10392"},"modified":"2023-03-08T14:49:03","modified_gmt":"2023-03-08T14:49:03","slug":"videos-explicatives","status":"publish","type":"page","link":"https:\/\/www.elkatherm-benelux.eu\/blog\/services\/videos-explicatives\/","title":{"rendered":"Vid\u00e9os explicatives"},"content":{"rendered":"\r\n<div class=\"container\"><\/div>\r\n    <h1 class=\"product-h1 display-3\">Vid\u00e9os explicatives<\/h1>\r\n    <div class=\"videosMenu\">\r\n        <div class=\"row\">\r\n            <div class=\"col-sm-4\">\r\n                <a href=\"#principe\">Elkatherm : Comment \u00e7a marche&nbsp;?<\/a>\r\n            <\/div>\r\n            <div class=\"col-sm-4\">\r\n                <a href=\"#appareillage712\">Appareillage du thermostat&nbsp;712<\/a>\r\n            <\/div>\r\n            <div class=\"col-sm-4\">\r\n                <a href=\"#programmation712\">Programmation du thermostat&nbsp;712<\/a>\r\n            <\/div>\r\n        <\/div>        \r\n    <\/div>\r\n\r\n\r\n    <div class=\"row videoDiv\">\r\n        <div id=\"principe\" class=\"bookmark col-lg-0 order-lg-0\">&nbsp;<\/div>\r\n        <div class=\"col-lg-5 order-lg-2 align-self-center\">\r\n            <h2>Elkatherm : Comment&nbsp;\u00e7a&nbsp;marche&nbsp;?<\/h2>\r\n            <p>Une chaleur douce et agr\u00e9able pendant tout l&rsquo;hiver. Radiateurs \u00e9lectriques \u00e0 inertie intelligents : Jusqu&rsquo;\u00e0 50% d&rsquo;\u00e9conomie sur votre consommation d&rsquo;\u00e9nergie (Qualit\u00e9 allemande, SAV partout en Belgique, 25 ans de garantie, classe \u00e9nerg\u00e9tique A++).<\/p>            \r\n        <\/div>\r\n        <div class=\"col-lg-6 order-lg-0\">            \r\n            <iframe src=\"https:\/\/www.youtube.com\/embed\/Hjj7UaKqQic?rel=0\" title=\"YouTube video player\" frameborder=\"0\" allow=\"accelerometer; autoplay; clipboard-write; encrypted-media; gyroscope; picture-in-picture\" allowfullscreen><\/iframe>            \r\n        <\/div>\r\n    <\/div>\r\n    <div class=\"row videoDiv\">\r\n        <div id=\"appareillage712\" class=\"bookmark col-lg-0 order-lg-0\">&nbsp;<\/div>\r\n        <div class=\"col-lg-5 order-lg-2 align-self-center\">\r\n            <h2>Appareillage du thermostat&nbsp;712<\/h2>\r\n            <p>Appareillez facilement votre thermostat \u00e0 vos radiateurs en quelques minutes.<\/p>            \r\n        <\/div>\r\n        <div class=\"col-lg-6 order-lg-0\">\r\n            <iframe src=\"https:\/\/www.youtube.com\/embed\/pR85qSn5tbM?rel=0\" title=\"YouTube video player\" frameborder=\"0\" allow=\"accelerometer; autoplay; clipboard-write; encrypted-media; gyroscope; picture-in-picture\" allowfullscreen><\/iframe>            \r\n        <\/div>\r\n    <\/div>\r\n    <div class=\"row videoDiv\">\r\n        <div id=\"programmation712\" class=\"bookmark col-lg-0 order-lg-0\">&nbsp;<\/div>\r\n        <div class=\"col-lg-5 order-lg-2 align-self-center\">\r\n            <h2>Programmation du thermostat&nbsp;712<\/h2>\r\n            <p>Programmez votre thermostat 712 facilement gr\u00e2ce \u00e0 cette courte vid\u00e9o explicative.<\/p>            \r\n        <\/div>\r\n        <div class=\"col-lg-6 order-lg-0\">\r\n            <iframe src=\"https:\/\/www.youtube.com\/embed\/lPvuDaHmxNU?rel=0\" title=\"YouTube video player\" frameborder=\"0\" allow=\"accelerometer; autoplay; clipboard-write; encrypted-media; gyroscope; picture-in-picture\" allowfullscreen><\/iframe>            \r\n        <\/div>\r\n    <\/div>\r\n<\/div>\r\n\r\n","protected":false},"excerpt":{"rendered":"<p>Vid\u00e9os explicatives Elkatherm : Comment \u00e7a marche&nbsp;? Appareillage du thermostat&nbsp;712 Programmation du thermostat&nbsp;712 &nbsp; Elkatherm : Comment&nbsp;\u00e7a&nbsp;marche&nbsp;? Une chaleur douce et agr\u00e9able pendant tout l&rsquo;hiver. Radiateurs \u00e9lectriques \u00e0 inertie intelligents : Jusqu&rsquo;\u00e0 50% d&rsquo;\u00e9conomie sur votre consommation d&rsquo;\u00e9nergie (Qualit\u00e9 allemande, SAV partout en Belgique, 25 ans de garantie, classe \u00e9nerg\u00e9tique A++). &nbsp; Appareillage du thermostat&nbsp;712&#8230;<\/p>\n<p class=\"more-link\"><a href=\"https:\/\/www.elkatherm-benelux.eu\/blog\/services\/videos-explicatives\/\"><span>Read More<\/span><i>&#43;<\/i><\/a><\/p>\n","protected":false},"author":1,"featured_media":0,"parent":4662,"menu_order":1,"comment_status":"closed","ping_status":"closed","template":"","meta":{"footnotes":""},"yoast_head":"<!-- This site is optimized with the Yoast SEO plugin v24.5 - https:\/\/yoast.com\/wordpress\/plugins\/seo\/ -->\n<title>Vid\u00e9os explicatives - Elkatherm Benelux<\/title>\n<meta name=\"description\" content=\"Principe de fonctionnement des radiateurs Elkatherm, appareillage et programmation du thermostat 712\" \/>\n<meta name=\"robots\" content=\"index, follow, max-snippet:-1, max-image-preview:large, max-video-preview:-1\" \/>\n<link rel=\"canonical\" href=\"https:\/\/www.elkatherm-benelux.eu\/blog\/services\/videos-explicatives\/\" \/>\n<meta property=\"og:locale\" content=\"fr_FR\" \/>\n<meta property=\"og:type\" content=\"article\" \/>\n<meta property=\"og:title\" content=\"Vid\u00e9os explicatives - Elkatherm Benelux\" \/>\n<meta property=\"og:description\" content=\"Principe de fonctionnement des radiateurs Elkatherm, appareillage et programmation du thermostat 712\" \/>\n<meta property=\"og:url\" content=\"https:\/\/www.elkatherm-benelux.eu\/blog\/services\/videos-explicatives\/\" \/>\n<meta property=\"og:site_name\" content=\"Elkatherm Benelux\" \/>\n<meta property=\"article:publisher\" content=\"https:\/\/www.facebook.com\/elkathermbe\/\" \/>\n<meta property=\"article:modified_time\" content=\"2023-03-08T14:49:03+00:00\" \/>\n<meta name=\"twitter:card\" content=\"summary_large_image\" \/>\n<script type=\"application\/ld+json\" class=\"yoast-schema-graph\">{\"@context\":\"https:\/\/schema.org\",\"@graph\":[{\"@type\":\"WebPage\",\"@id\":\"https:\/\/www.elkatherm-benelux.eu\/blog\/services\/videos-explicatives\/\",\"url\":\"https:\/\/www.elkatherm-benelux.eu\/blog\/services\/videos-explicatives\/\",\"name\":\"Vid\u00e9os explicatives - Elkatherm Benelux\",\"isPartOf\":{\"@id\":\"https:\/\/www.elkatherm-benelux.eu\/blog\/#website\"},\"datePublished\":\"2023-03-08T08:58:33+00:00\",\"dateModified\":\"2023-03-08T14:49:03+00:00\",\"description\":\"Principe de fonctionnement des radiateurs Elkatherm, appareillage et programmation du thermostat 712\",\"breadcrumb\":{\"@id\":\"https:\/\/www.elkatherm-benelux.eu\/blog\/services\/videos-explicatives\/#breadcrumb\"},\"inLanguage\":\"fr-FR\",\"potentialAction\":[{\"@type\":\"ReadAction\",\"target\":[\"https:\/\/www.elkatherm-benelux.eu\/blog\/services\/videos-explicatives\/\"]}]},{\"@type\":\"BreadcrumbList\",\"@id\":\"https:\/\/www.elkatherm-benelux.eu\/blog\/services\/videos-explicatives\/#breadcrumb\",\"itemListElement\":[{\"@type\":\"ListItem\",\"position\":1,\"name\":\"Accueil\",\"item\":\"https:\/\/www.elkatherm-benelux.eu\/blog\/\"},{\"@type\":\"ListItem\",\"position\":2,\"name\":\"Services\",\"item\":\"https:\/\/www.elkatherm-benelux.eu\/blog\/services\/\"},{\"@type\":\"ListItem\",\"position\":3,\"name\":\"Vid\u00e9os explicatives\"}]},{\"@type\":\"WebSite\",\"@id\":\"https:\/\/www.elkatherm-benelux.eu\/blog\/#website\",\"url\":\"https:\/\/www.elkatherm-benelux.eu\/blog\/\",\"name\":\"Elkatherm Benelux\",\"description\":\"Radiateurs &eacute;lectriques &agrave; inertie\",\"publisher\":{\"@id\":\"https:\/\/www.elkatherm-benelux.eu\/blog\/#organization\"},\"potentialAction\":[{\"@type\":\"SearchAction\",\"target\":{\"@type\":\"EntryPoint\",\"urlTemplate\":\"https:\/\/www.elkatherm-benelux.eu\/blog\/?s={search_term_string}\"},\"query-input\":{\"@type\":\"PropertyValueSpecification\",\"valueRequired\":true,\"valueName\":\"search_term_string\"}}],\"inLanguage\":\"fr-FR\"},{\"@type\":\"Organization\",\"@id\":\"https:\/\/www.elkatherm-benelux.eu\/blog\/#organization\",\"name\":\"ELKATHERM Benelux\",\"url\":\"https:\/\/www.elkatherm-benelux.eu\/blog\/\",\"logo\":{\"@type\":\"ImageObject\",\"inLanguage\":\"fr-FR\",\"@id\":\"https:\/\/www.elkatherm-benelux.eu\/blog\/#\/schema\/logo\/image\/\",\"url\":\"https:\/\/www.elkatherm-benelux.be\/wp-content\/uploads\/2021\/05\/ELKATHERM_logo.jpg\",\"contentUrl\":\"https:\/\/www.elkatherm-benelux.be\/wp-content\/uploads\/2021\/05\/ELKATHERM_logo.jpg\",\"width\":577,\"height\":137,\"caption\":\"ELKATHERM Benelux\"},\"image\":{\"@id\":\"https:\/\/www.elkatherm-benelux.eu\/blog\/#\/schema\/logo\/image\/\"},\"sameAs\":[\"https:\/\/www.facebook.com\/elkathermbe\/\",\"https:\/\/www.instagram.com\/elkatherm_benelux\",\"https:\/\/www.youtube.com\/channel\/UCa2fW6rCLETD_B26V02eAlw\"]}]}<\/script>\n<!-- \/ Yoast SEO plugin. -->","yoast_head_json":{"title":"Vid\u00e9os explicatives - Elkatherm Benelux","description":"Principe de fonctionnement des radiateurs Elkatherm, appareillage et programmation du thermostat 712","robots":{"index":"index","follow":"follow","max-snippet":"max-snippet:-1","max-image-preview":"max-image-preview:large","max-video-preview":"max-video-preview:-1"},"canonical":"https:\/\/www.elkatherm-benelux.eu\/blog\/services\/videos-explicatives\/","og_locale":"fr_FR","og_type":"article","og_title":"Vid\u00e9os explicatives - Elkatherm Benelux","og_description":"Principe de fonctionnement des radiateurs Elkatherm, appareillage et programmation du thermostat 712","og_url":"https:\/\/www.elkatherm-benelux.eu\/blog\/services\/videos-explicatives\/","og_site_name":"Elkatherm Benelux","article_publisher":"https:\/\/www.facebook.com\/elkathermbe\/","article_modified_time":"2023-03-08T14:49:03+00:00","twitter_card":"summary_large_image","schema":{"@context":"https:\/\/schema.org","@graph":[{"@type":"WebPage","@id":"https:\/\/www.elkatherm-benelux.eu\/blog\/services\/videos-explicatives\/","url":"https:\/\/www.elkatherm-benelux.eu\/blog\/services\/videos-explicatives\/","name":"Vid\u00e9os explicatives - Elkatherm Benelux","isPartOf":{"@id":"https:\/\/www.elkatherm-benelux.eu\/blog\/#website"},"datePublished":"2023-03-08T08:58:33+00:00","dateModified":"2023-03-08T14:49:03+00:00","description":"Principe de fonctionnement des radiateurs Elkatherm, appareillage et programmation du thermostat 712","breadcrumb":{"@id":"https:\/\/www.elkatherm-benelux.eu\/blog\/services\/videos-explicatives\/#breadcrumb"},"inLanguage":"fr-FR","potentialAction":[{"@type":"ReadAction","target":["https:\/\/www.elkatherm-benelux.eu\/blog\/services\/videos-explicatives\/"]}]},{"@type":"BreadcrumbList","@id":"https:\/\/www.elkatherm-benelux.eu\/blog\/services\/videos-explicatives\/#breadcrumb","itemListElement":[{"@type":"ListItem","position":1,"name":"Accueil","item":"https:\/\/www.elkatherm-benelux.eu\/blog\/"},{"@type":"ListItem","position":2,"name":"Services","item":"https:\/\/www.elkatherm-benelux.eu\/blog\/services\/"},{"@type":"ListItem","position":3,"name":"Vid\u00e9os explicatives"}]},{"@type":"WebSite","@id":"https:\/\/www.elkatherm-benelux.eu\/blog\/#website","url":"https:\/\/www.elkatherm-benelux.eu\/blog\/","name":"Elkatherm Benelux","description":"Radiateurs &eacute;lectriques &agrave; inertie","publisher":{"@id":"https:\/\/www.elkatherm-benelux.eu\/blog\/#organization"},"potentialAction":[{"@type":"SearchAction","target":{"@type":"EntryPoint","urlTemplate":"https:\/\/www.elkatherm-benelux.eu\/blog\/?s={search_term_string}"},"query-input":{"@type":"PropertyValueSpecification","valueRequired":true,"valueName":"search_term_string"}}],"inLanguage":"fr-FR"},{"@type":"Organization","@id":"https:\/\/www.elkatherm-benelux.eu\/blog\/#organization","name":"ELKATHERM Benelux","url":"https:\/\/www.elkatherm-benelux.eu\/blog\/","logo":{"@type":"ImageObject","inLanguage":"fr-FR","@id":"https:\/\/www.elkatherm-benelux.eu\/blog\/#\/schema\/logo\/image\/","url":"https:\/\/www.elkatherm-benelux.be\/wp-content\/uploads\/2021\/05\/ELKATHERM_logo.jpg","contentUrl":"https:\/\/www.elkatherm-benelux.be\/wp-content\/uploads\/2021\/05\/ELKATHERM_logo.jpg","width":577,"height":137,"caption":"ELKATHERM Benelux"},"image":{"@id":"https:\/\/www.elkatherm-benelux.eu\/blog\/#\/schema\/logo\/image\/"},"sameAs":["https:\/\/www.facebook.com\/elkathermbe\/","https:\/\/www.instagram.com\/elkatherm_benelux","https:\/\/www.youtube.com\/channel\/UCa2fW6rCLETD_B26V02eAlw"]}]}},"_links":{"self":[{"href":"https:\/\/www.elkatherm-benelux.eu\/blog\/wp-json\/wp\/v2\/pages\/10392"}],"collection":[{"href":"https:\/\/www.elkatherm-benelux.eu\/blog\/wp-json\/wp\/v2\/pages"}],"about":[{"href":"https:\/\/www.elkatherm-benelux.eu\/blog\/wp-json\/wp\/v2\/types\/page"}],"author":[{"embeddable":true,"href":"https:\/\/www.elkatherm-benelux.eu\/blog\/wp-json\/wp\/v2\/users\/1"}],"replies":[{"embeddable":true,"href":"https:\/\/www.elkatherm-benelux.eu\/blog\/wp-json\/wp\/v2\/comments?post=10392"}],"version-history":[{"count":26,"href":"https:\/\/www.elkatherm-benelux.eu\/blog\/wp-json\/wp\/v2\/pages\/10392\/revisions"}],"predecessor-version":[{"id":10433,"href":"https:\/\/www.elkatherm-benelux.eu\/blog\/wp-json\/wp\/v2\/pages\/10392\/revisions\/10433"}],"up":[{"embeddable":true,"href":"https:\/\/www.elkatherm-benelux.eu\/blog\/wp-json\/wp\/v2\/pages\/4662"}],"wp:attachment":[{"href":"https:\/\/www.elkatherm-benelux.eu\/blog\/wp-json\/wp\/v2\/media?parent=10392"}],"curies":[{"name":"wp","href":"https:\/\/api.w.org\/{rel}","templated":true}]}}