{"id":2493,"date":"2021-05-31T12:57:03","date_gmt":"2021-05-31T12:57:03","guid":{"rendered":"https:\/\/www.elkatherm-benelux.be\/?page_id=2493"},"modified":"2025-04-15T09:12:44","modified_gmt":"2025-04-15T09:12:44","slug":"telechargements","status":"publish","type":"page","link":"https:\/\/www.elkatherm-benelux.eu\/blog\/services\/telechargements\/","title":{"rendered":"T\u00e9l\u00e9chargements"},"content":{"rendered":"\r\n<h1 class=\"product-h1 display-3\">T\u00e9l\u00e9char&shy;gements<\/h1>\r\n<div class=\"downloads\">    \r\n    <div class=\"downloads-menu\">\r\n        <a id=\"manuals\" href=\"https:\/\/www.elkatherm-benelux.eu\/blog\/services\/telechargements\/manuels\">Mode d&#8217;emploi<\/a>\r\n        <a id=\"montage\" href=\"https:\/\/www.elkatherm-benelux.eu\/blog\/services\/telechargements\/guide-montage\">Guide de montage<\/a>\r\n        <a id=\"catalogue\" href=\"https:\/\/www.elkatherm-benelux.eu\/blog\/services\/telechargements\/catalogues\">Catalogue<\/a>\r\n        <a id=\"checklist\" href=\"https:\/\/www.elkatherm-benelux.eu\/blog\/services\/telechargements\/check-list\">Check-list<\/a>\r\n    <\/div>\r\n<\/div>\r\n","protected":false},"excerpt":{"rendered":"<p>T\u00e9l\u00e9char&shy;gements Mode d&#8217;emploi Guide de montage Catalogue Check-list<\/p>\n","protected":false},"author":1,"featured_media":0,"parent":4662,"menu_order":1,"comment_status":"closed","ping_status":"closed","template":"","meta":{"footnotes":""},"yoast_head":"<!-- This site is optimized with the Yoast SEO plugin v24.5 - https:\/\/yoast.com\/wordpress\/plugins\/seo\/ -->\n<title>T\u00e9l\u00e9chargements - Elkatherm Benelux<\/title>\n<meta name=\"robots\" content=\"noindex, follow\" \/>\n<meta property=\"og:locale\" content=\"fr_FR\" \/>\n<meta property=\"og:type\" content=\"article\" \/>\n<meta property=\"og:title\" content=\"T\u00e9l\u00e9chargements - Elkatherm Benelux\" \/>\n<meta property=\"og:description\" content=\"T\u00e9l\u00e9char&shy;gements Mode d&#8217;emploi Guide de montage Catalogue Check-list\" \/>\n<meta property=\"og:url\" content=\"https:\/\/www.elkatherm-benelux.eu\/blog\/services\/telechargements\/\" \/>\n<meta property=\"og:site_name\" content=\"Elkatherm Benelux\" \/>\n<meta property=\"article:publisher\" content=\"https:\/\/www.facebook.com\/elkathermbe\/\" \/>\n<meta property=\"article:modified_time\" content=\"2025-04-15T09:12:44+00:00\" \/>\n<meta name=\"twitter:card\" content=\"summary_large_image\" \/>\n<script type=\"application\/ld+json\" class=\"yoast-schema-graph\">{\"@context\":\"https:\/\/schema.org\",\"@graph\":[{\"@type\":\"WebPage\",\"@id\":\"https:\/\/www.elkatherm-benelux.eu\/blog\/services\/telechargements\/\",\"url\":\"https:\/\/www.elkatherm-benelux.eu\/blog\/services\/telechargements\/\",\"name\":\"T\u00e9l\u00e9chargements - Elkatherm Benelux\",\"isPartOf\":{\"@id\":\"https:\/\/www.elkatherm-benelux.eu\/blog\/#website\"},\"datePublished\":\"2021-05-31T12:57:03+00:00\",\"dateModified\":\"2025-04-15T09:12:44+00:00\",\"breadcrumb\":{\"@id\":\"https:\/\/www.elkatherm-benelux.eu\/blog\/services\/telechargements\/#breadcrumb\"},\"inLanguage\":\"fr-FR\",\"potentialAction\":[{\"@type\":\"ReadAction\",\"target\":[\"https:\/\/www.elkatherm-benelux.eu\/blog\/services\/telechargements\/\"]}]},{\"@type\":\"BreadcrumbList\",\"@id\":\"https:\/\/www.elkatherm-benelux.eu\/blog\/services\/telechargements\/#breadcrumb\",\"itemListElement\":[{\"@type\":\"ListItem\",\"position\":1,\"name\":\"Accueil\",\"item\":\"https:\/\/www.elkatherm-benelux.eu\/blog\/\"},{\"@type\":\"ListItem\",\"position\":2,\"name\":\"Services\",\"item\":\"https:\/\/www.elkatherm-benelux.eu\/blog\/services\/\"},{\"@type\":\"ListItem\",\"position\":3,\"name\":\"T\u00e9l\u00e9chargements\"}]},{\"@type\":\"WebSite\",\"@id\":\"https:\/\/www.elkatherm-benelux.eu\/blog\/#website\",\"url\":\"https:\/\/www.elkatherm-benelux.eu\/blog\/\",\"name\":\"Elkatherm Benelux\",\"description\":\"Radiateurs &eacute;lectriques &agrave; inertie\",\"publisher\":{\"@id\":\"https:\/\/www.elkatherm-benelux.eu\/blog\/#organization\"},\"potentialAction\":[{\"@type\":\"SearchAction\",\"target\":{\"@type\":\"EntryPoint\",\"urlTemplate\":\"https:\/\/www.elkatherm-benelux.eu\/blog\/?s={search_term_string}\"},\"query-input\":{\"@type\":\"PropertyValueSpecification\",\"valueRequired\":true,\"valueName\":\"search_term_string\"}}],\"inLanguage\":\"fr-FR\"},{\"@type\":\"Organization\",\"@id\":\"https:\/\/www.elkatherm-benelux.eu\/blog\/#organization\",\"name\":\"ELKATHERM Benelux\",\"url\":\"https:\/\/www.elkatherm-benelux.eu\/blog\/\",\"logo\":{\"@type\":\"ImageObject\",\"inLanguage\":\"fr-FR\",\"@id\":\"https:\/\/www.elkatherm-benelux.eu\/blog\/#\/schema\/logo\/image\/\",\"url\":\"https:\/\/www.elkatherm-benelux.be\/wp-content\/uploads\/2021\/05\/ELKATHERM_logo.jpg\",\"contentUrl\":\"https:\/\/www.elkatherm-benelux.be\/wp-content\/uploads\/2021\/05\/ELKATHERM_logo.jpg\",\"width\":577,\"height\":137,\"caption\":\"ELKATHERM Benelux\"},\"image\":{\"@id\":\"https:\/\/www.elkatherm-benelux.eu\/blog\/#\/schema\/logo\/image\/\"},\"sameAs\":[\"https:\/\/www.facebook.com\/elkathermbe\/\",\"https:\/\/www.instagram.com\/elkatherm_benelux\",\"https:\/\/www.youtube.com\/channel\/UCa2fW6rCLETD_B26V02eAlw\"]}]}<\/script>\n<!-- \/ Yoast SEO plugin. -->","yoast_head_json":{"title":"T\u00e9l\u00e9chargements - Elkatherm Benelux","robots":{"index":"noindex","follow":"follow"},"og_locale":"fr_FR","og_type":"article","og_title":"T\u00e9l\u00e9chargements - Elkatherm Benelux","og_description":"T\u00e9l\u00e9char&shy;gements Mode d&#8217;emploi Guide de montage Catalogue Check-list","og_url":"https:\/\/www.elkatherm-benelux.eu\/blog\/services\/telechargements\/","og_site_name":"Elkatherm Benelux","article_publisher":"https:\/\/www.facebook.com\/elkathermbe\/","article_modified_time":"2025-04-15T09:12:44+00:00","twitter_card":"summary_large_image","schema":{"@context":"https:\/\/schema.org","@graph":[{"@type":"WebPage","@id":"https:\/\/www.elkatherm-benelux.eu\/blog\/services\/telechargements\/","url":"https:\/\/www.elkatherm-benelux.eu\/blog\/services\/telechargements\/","name":"T\u00e9l\u00e9chargements - Elkatherm Benelux","isPartOf":{"@id":"https:\/\/www.elkatherm-benelux.eu\/blog\/#website"},"datePublished":"2021-05-31T12:57:03+00:00","dateModified":"2025-04-15T09:12:44+00:00","breadcrumb":{"@id":"https:\/\/www.elkatherm-benelux.eu\/blog\/services\/telechargements\/#breadcrumb"},"inLanguage":"fr-FR","potentialAction":[{"@type":"ReadAction","target":["https:\/\/www.elkatherm-benelux.eu\/blog\/services\/telechargements\/"]}]},{"@type":"BreadcrumbList","@id":"https:\/\/www.elkatherm-benelux.eu\/blog\/services\/telechargements\/#breadcrumb","itemListElement":[{"@type":"ListItem","position":1,"name":"Accueil","item":"https:\/\/www.elkatherm-benelux.eu\/blog\/"},{"@type":"ListItem","position":2,"name":"Services","item":"https:\/\/www.elkatherm-benelux.eu\/blog\/services\/"},{"@type":"ListItem","position":3,"name":"T\u00e9l\u00e9chargements"}]},{"@type":"WebSite","@id":"https:\/\/www.elkatherm-benelux.eu\/blog\/#website","url":"https:\/\/www.elkatherm-benelux.eu\/blog\/","name":"Elkatherm Benelux","description":"Radiateurs &eacute;lectriques &agrave; inertie","publisher":{"@id":"https:\/\/www.elkatherm-benelux.eu\/blog\/#organization"},"potentialAction":[{"@type":"SearchAction","target":{"@type":"EntryPoint","urlTemplate":"https:\/\/www.elkatherm-benelux.eu\/blog\/?s={search_term_string}"},"query-input":{"@type":"PropertyValueSpecification","valueRequired":true,"valueName":"search_term_string"}}],"inLanguage":"fr-FR"},{"@type":"Organization","@id":"https:\/\/www.elkatherm-benelux.eu\/blog\/#organization","name":"ELKATHERM Benelux","url":"https:\/\/www.elkatherm-benelux.eu\/blog\/","logo":{"@type":"ImageObject","inLanguage":"fr-FR","@id":"https:\/\/www.elkatherm-benelux.eu\/blog\/#\/schema\/logo\/image\/","url":"https:\/\/www.elkatherm-benelux.be\/wp-content\/uploads\/2021\/05\/ELKATHERM_logo.jpg","contentUrl":"https:\/\/www.elkatherm-benelux.be\/wp-content\/uploads\/2021\/05\/ELKATHERM_logo.jpg","width":577,"height":137,"caption":"ELKATHERM Benelux"},"image":{"@id":"https:\/\/www.elkatherm-benelux.eu\/blog\/#\/schema\/logo\/image\/"},"sameAs":["https:\/\/www.facebook.com\/elkathermbe\/","https:\/\/www.instagram.com\/elkatherm_benelux","https:\/\/www.youtube.com\/channel\/UCa2fW6rCLETD_B26V02eAlw"]}]}},"_links":{"self":[{"href":"https:\/\/www.elkatherm-benelux.eu\/blog\/wp-json\/wp\/v2\/pages\/2493"}],"collection":[{"href":"https:\/\/www.elkatherm-benelux.eu\/blog\/wp-json\/wp\/v2\/pages"}],"about":[{"href":"https:\/\/www.elkatherm-benelux.eu\/blog\/wp-json\/wp\/v2\/types\/page"}],"author":[{"embeddable":true,"href":"https:\/\/www.elkatherm-benelux.eu\/blog\/wp-json\/wp\/v2\/users\/1"}],"replies":[{"embeddable":true,"href":"https:\/\/www.elkatherm-benelux.eu\/blog\/wp-json\/wp\/v2\/comments?post=2493"}],"version-history":[{"count":8,"href":"https:\/\/www.elkatherm-benelux.eu\/blog\/wp-json\/wp\/v2\/pages\/2493\/revisions"}],"predecessor-version":[{"id":20189,"href":"https:\/\/www.elkatherm-benelux.eu\/blog\/wp-json\/wp\/v2\/pages\/2493\/revisions\/20189"}],"up":[{"embeddable":true,"href":"https:\/\/www.elkatherm-benelux.eu\/blog\/wp-json\/wp\/v2\/pages\/4662"}],"wp:attachment":[{"href":"https:\/\/www.elkatherm-benelux.eu\/blog\/wp-json\/wp\/v2\/media?parent=2493"}],"curies":[{"name":"wp","href":"https:\/\/api.w.org\/{rel}","templated":true}]}}