{"id":4260,"date":"2021-08-06T13:40:33","date_gmt":"2021-08-06T13:40:33","guid":{"rendered":"https:\/\/www.elkatherm-benelux.eu\/blog\/?page_id=4260"},"modified":"2023-07-03T09:18:21","modified_gmt":"2023-07-03T09:18:21","slug":"technologie","status":"publish","type":"page","link":"https:\/\/www.elkatherm-benelux.eu\/blog\/technologie\/","title":{"rendered":"Technologie"},"content":{"rendered":"\r\n<div class=\"products-menu\">\r\n    <div>\r\n        <a id=\"tech-menu-overv\" href=\"https:\/\/www.elkatherm-benelux.eu\/blog\/technologie\/\" title=\"Pr\u00e9sentation\">Pr\u00e9sentation<\/a>\r\n        <a id=\"tech-menu-chamotte\" href=\"https:\/\/www.elkatherm-benelux.eu\/blog\/technologie\/chamotte\/\" title=\"La chamotte\">Mat\u00e9riau<\/a>\r\n        <a id=\"tech-menu-effic\" href=\"https:\/\/www.elkatherm-benelux.eu\/blog\/technologie\/efficacite-energetique\/\" title=\"Efficacit\u00e9 \u00e9nerg\u00e9tique\">Efficacit\u00e9<\/a>\r\n        <a id=\"tech-menu-connect\" href=\"https:\/\/www.elkatherm-benelux.eu\/blog\/technologie\/connected-home\/\" title=\"Connected Home\">Chauffage 2.0<\/a>\r\n        <a id=\"tech-menu-inertvsacc\" href=\"https:\/\/www.elkatherm-benelux.eu\/blog\/technologie\/comparatif-inertie-accumulation\/\" title=\"Comparatif radiateurs \u00e0 inertie et accumulation\">Inertie vs accumu&shy;lation<\/a>\r\n    <\/div>        \r\n<\/div>\r\n<!-- Script pour indication menu section active (ajout classe fond orange): -->\r\n<script>\r\n    window.onload = function showActive() {\r\n        var element = document.getElementById(\"tech-menu-overv\");\r\n        element.classList.add(\"active-options-menu\");\r\n    }       \r\n    let timeout;\r\n    function myFunction() {\r\n      timeout = setTimeout(activateMenu, 500);\r\n    }\r\n    function activateMenu() {      \r\n        var element = document.getElementById(\"tech-menu-overv\");\r\n        element.classList.add(\"active-options-menu\");\r\n    }\r\n    myFunction();\r\n<\/script> \r\n\r\n<h1 class=\"product-h1 display-3\">Optez pour des radiateurs \u00e9lectriques \u00e0 inertie avec briques&nbsp;r\u00e9fractaires<\/h1>\r\n<h2 class=\"display-4 text-color2\">Excellent \u00e0 l\u2019ext\u00e9rieur &#8230;<\/h2>\r\n<div class=\"technology-1 color2\">\r\n    <p class=\"introtext\">Les radiateurs \u00e9lectriques \u00e0 inertie avec briques r\u00e9fractaires sont une excellente option pour chauffer votre maison de mani\u00e8re efficace et \u00e9conomique. Avec la technologie de chauffage ELKATHERM, vous faites un excellent choix. Tous les <a href=\"produits\/\" title=\"Radiateurs \u00e9lectriques \u00e0 inertie\"><strong class=\"text-color2\">appareils<\/strong><\/a> sont \u00ab&nbsp;Made in Germany&nbsp;\u00bb et portent le certificat VDE, gage de s\u00e9curit\u00e9 maximale. En outre, tous nos appareils de chauffage portent le label \u00e9nerg\u00e9tique A++, qui est synonyme d\u2019une efficacit\u00e9 \u00e9nerg\u00e9tique particuli\u00e8rement \u00e9lev\u00e9e.<\/p>\r\n    <img decoding=\"async\" src=\"https:\/\/www.elkatherm-benelux.eu\/blog\/a-plus-plus\/\" alt=\"Label \u00e9nerg\u00e9tique A++\">\r\n<\/div>\r\n\r\n<div class=\"technology-1 color2\">\r\n    <img decoding=\"async\" src=\"https:\/\/www.elkatherm-benelux.eu\/blog\/vde-logo\/\" alt=\"VDE\">\r\n    <img decoding=\"async\" src=\"https:\/\/www.elkatherm-benelux.eu\/blog\/ip24\/\" alt=\"IP 24\">\r\n    <img decoding=\"async\" src=\"https:\/\/www.elkatherm-benelux.eu\/blog\/25-ans-garantie\/\" alt=\"25 ans de garantie\">\r\n    <img decoding=\"async\" src=\"https:\/\/www.elkatherm-benelux.eu\/blog\/erp-ready\/\" alt=\"ErP ready\">\r\n    <img decoding=\"async\" src=\"https:\/\/www.elkatherm-benelux.eu\/blog\/made-in-germany\/\" alt=\"Fabriqu\u00e9 en Allemagne\">\r\n<\/div>\r\n\r\n<div>\r\n    <h2 class=\"display-4 text-color3\">&#8230; innovant \u00e0 l&rsquo;int\u00e9rieur<\/h2>\r\n    <p class=\"text-color3 introtext\">Les radiateurs ELKATHERM sont simples \u00e0 utiliser et \u00e0 entretenir. Ils sont \u00e9quip\u00e9s de thermostats pour r\u00e9gler la temp\u00e9rature de la pi\u00e8ce et de minuteries pour programmer l&rsquo;heure \u00e0 laquelle le radiateur doit s&rsquo;allumer et s&rsquo;\u00e9teindre. De plus, ils ne n\u00e9cessitent pas de combustible ni de conduits d&rsquo;\u00e9vacuation des fum\u00e9es, ce qui les rend faciles \u00e0 installer dans n&rsquo;importe quelle pi\u00e8ce de votre maison.<\/p>\r\n    <p>D\u00e9couvrez ce qui se cache derri\u00e8re votre syst\u00e8me de chauffage ELKATHERM, en plus de ses ann\u00e9es d\u2019exp\u00e9rience et de sa passion pour les solutions de chauffage efficaces.<\/p>\r\n<\/div>\r\n<div class=\"row wp-block-button aligncenter is-style-squared\"><a class=\"wp-block-button__link\" href=\"contactez-nous\/?object=offer\">Demandez votre devis gratuit<\/a><\/div> \r\n\r\n<div class=\"technology color3\">\r\n    <img decoding=\"async\" src=\"https:\/\/www.elkatherm-benelux.eu\/blog\/technology-chamotte\/\" alt=\"Stockage sur toute la surface\">\r\n    <p>Stockage de chaleur en argile r\u00e9fractaire sur toute la surface<\/p>\r\n    <p>Les briques en <a href=\"https:\/\/www.elkatherm-benelux.eu\/blog\/technologie\/chamotte\/\" title=\"briques compos\u00e9es d'ingr\u00e9dients naturels\"><strong class=\"text-color3\">chamotte<\/strong><\/a> emmagasinent la chaleur pendant longtemps et la restituent doucement et efficacement sur toute la surface chauffante \u2013 avec un besoin \u00e9nerg\u00e9tique agr\u00e9ablement faible.<\/p>\r\n<\/div>\r\n<div class=\"technology color3\">\r\n    <img decoding=\"async\" src=\"https:\/\/www.elkatherm-benelux.eu\/blog\/technology-hermetic\/\" alt=\"Conducteurs thermiques herm\u00e9tiques\">\r\n    <p>Conducteurs thermiques enferm\u00e9s de mani\u00e8re herm\u00e9tique<\/p>\r\n    <p>Les conducteurs thermiques \u00e0 rayonnement enferm\u00e9s de mani\u00e8re herm\u00e9tique \u00e9mettent de la chaleur exclusivement dans les briques en <a href=\"https:\/\/www.elkatherm-benelux.eu\/blog\/technologie\/chamotte\/\" title=\"briques compos\u00e9es d'ingr\u00e9dients naturels\"><strong class=\"text-color3\">chamotte<\/strong><\/a>. Cela signifie quel\u2019air ne devient pas \u00e9touffant, car la teneur en oxyg\u00e8ne de la pi\u00e8ce est maintenue.<\/p>\r\n<\/div>\r\n<div class=\"technology color3\">\r\n    <img decoding=\"async\" src=\"https:\/\/www.elkatherm-benelux.eu\/blog\/technology-humidity\/\" alt=\"R\u00e9sistant \u00e0 l'humidit\u00e9\">\r\n    <p>Briques r\u00e9fractaires impr\u00e9gn\u00e9es<\/p>\r\n    <p>L\u2019impr\u00e9gnation prot\u00e8ge les pierres d\u2019accumulation de mani\u00e8re fiable de l\u2019humidit\u00e9. Afin que vous puissiez profiter \u00e0 tout moment d\u2019une chaleur agr\u00e9able dans la salle de bains.<\/p>\r\n<\/div>\r\n<div class=\"technology color3\">\r\n    <img decoding=\"async\" src=\"https:\/\/www.elkatherm-benelux.eu\/blog\/technology-infrared\/\" alt=\"Chaleur rayonnante\">\r\n    <p>Chaleur rayonnante<\/p>\r\n    <p>Pas d\u2019air chaud : la chaleur rayonnante chauffe les objets dans la pi\u00e8ce \u00e0 l\u2019aide de la surface chauffante \u00e9largie. C\u2019est particuli\u00e8rement agr\u00e9able pour les personnes allergiques \u00e0 la poussi\u00e8re domestique.<\/p>\r\n<\/div>\r\n<div class=\"technology color3\">\r\n    <img decoding=\"async\" src=\"https:\/\/www.elkatherm-benelux.eu\/blog\/technology-surface\/\" alt=\"Surface \u00e9largie\">\r\n    <p>Surface \u00e9largie<\/p>\r\n    <p>L\u2019agrandissement de la surface par des nervures arrondies assure une r\u00e9partition optimale de la chaleur sur toute la surface chauffante et donc une \u00e9mission de chaleur tr\u00e8s efficace.<\/p>\r\n<\/div>\r\n<div class=\"technology color3\">\r\n    <img decoding=\"async\" src=\"https:\/\/www.elkatherm-benelux.eu\/blog\/technology-convection\/\" alt=\"nervures pour convection saine\">\r\n    <p>Nervures semblables \u00e0 une chemin\u00e9e<\/p>\r\n    <p>La structure des nervures peut \u00eatre d\u00e9crite comme \u00ab semblable \u00e0 une chemin\u00e9e \u00bb car les nervures sont travers\u00e9es par un courant d\u2019air, semblable au courant d\u2019air d\u2019une chemin\u00e9e. Elles chauffent ainsi l\u2019air ambiant en circulation et produisent de la chaleur selon le principe de la convection.<\/p>\r\n<\/div>\r\n<div class=\"technology color3\">\r\n    <img decoding=\"async\" src=\"https:\/\/www.elkatherm-benelux.eu\/blog\/technology-security\/\" alt=\"mesure permanente de temp\u00e9rature interne\">\r\n    <p>S\u00e9curit\u00e9<\/p>\r\n    <p>Le chauffage mesure en permanence sa temp\u00e9rature interne et \u00e9teint ses diff\u00e9rentes parties si n\u00e9cessaire. La coupure individuelle des segments permet ainsi d\u2019\u00e9viter de mani\u00e8re fiable les surchauffes.<\/p>\r\n<\/div>\r\n<div class=\"technology color3\">\r\n    <img decoding=\"async\" src=\"https:\/\/www.elkatherm-benelux.eu\/blog\/technology-app\/\" alt=\"Commande par application smartphone\">\r\n    <p>Une technique de commande individualis\u00e9e<\/p>\r\n    <p>Des thermostats manuels aux thermostats num\u00e9riques, en passant par l\u2019<a href=\"https:\/\/www.elkatherm-benelux.eu\/blog\/technologie\/connected-home\/\" title=\"application smartphone ou tablette\"><strong class=\"text-color3\">application TYDOM<\/strong><\/a>, vous avez la libert\u00e9 de choisir la mani\u00e8re dont vous souhaitez contr\u00f4ler votre syst\u00e8me de chauffage.<\/p>\r\n<\/div>\r\n<div class=\"row wp-block-button aligncenter is-style-squared\"><a class=\"wp-block-button__link\" href=\"contactez-nous\">Contactez-nous d\u00e8s maintenant<\/a><\/div> \r\n\r\n \r\n","protected":false},"excerpt":{"rendered":"<p>Optez pour des radiateurs \u00e9lectriques \u00e0 inertie avec briques&nbsp;r\u00e9fractaires Excellent \u00e0 l\u2019ext\u00e9rieur &#8230; Les radiateurs \u00e9lectriques \u00e0 inertie avec briques r\u00e9fractaires sont une excellente option pour chauffer votre maison de mani\u00e8re efficace et \u00e9conomique. Avec la technologie de chauffage ELKATHERM, vous faites un excellent choix. Tous les appareils sont \u00ab&nbsp;Made in Germany&nbsp;\u00bb et portent le&#8230;<\/p>\n<p class=\"more-link\"><a href=\"https:\/\/www.elkatherm-benelux.eu\/blog\/technologie\/\"><span>Read More<\/span><i>&#43;<\/i><\/a><\/p>\n","protected":false},"author":1,"featured_media":0,"parent":0,"menu_order":2,"comment_status":"closed","ping_status":"closed","template":"","meta":{"footnotes":""},"yoast_head":"<!-- This site is optimized with the Yoast SEO plugin v24.5 - https:\/\/yoast.com\/wordpress\/plugins\/seo\/ -->\n<title>Radiateurs \u00e9lectriques \u00e0 inertie avec briques r\u00e9fractaires | Elkatherm Benelux<\/title>\n<meta name=\"description\" content=\"Avec la technologie de chauffage ELKATHERM, vous choisissez des appareils certifi\u00e9s pour leur s\u00e9curit\u00e9 maximale et qui portent le label A++Les radiateurs \u00e9lectriques \u00e0 inertie avec briques r\u00e9fractaires de ELKATHERM offrent une chaleur efficace et \u00e9conomique pour votre maison. Tous nos appareils portent le label \u00e9nerg\u00e9tique A++ pour une efficacit\u00e9 \u00e9nerg\u00e9tique exceptionnelle. Contactez-nous d\u00e8s maintenant pour plus d\u2019informations !\" \/>\n<meta name=\"robots\" content=\"index, follow, max-snippet:-1, max-image-preview:large, max-video-preview:-1\" \/>\n<link rel=\"canonical\" href=\"https:\/\/www.elkatherm-benelux.eu\/blog\/technologie\/\" \/>\n<meta property=\"og:locale\" content=\"fr_FR\" \/>\n<meta property=\"og:type\" content=\"article\" \/>\n<meta property=\"og:title\" content=\"Radiateurs \u00e9lectriques \u00e0 inertie avec briques r\u00e9fractaires | Elkatherm Benelux\" \/>\n<meta property=\"og:description\" content=\"Avec la technologie de chauffage ELKATHERM, vous choisissez des appareils certifi\u00e9s pour leur s\u00e9curit\u00e9 maximale et qui portent le label A++Les radiateurs \u00e9lectriques \u00e0 inertie avec briques r\u00e9fractaires de ELKATHERM offrent une chaleur efficace et \u00e9conomique pour votre maison. Tous nos appareils portent le label \u00e9nerg\u00e9tique A++ pour une efficacit\u00e9 \u00e9nerg\u00e9tique exceptionnelle. Contactez-nous d\u00e8s maintenant pour plus d\u2019informations !\" \/>\n<meta property=\"og:url\" content=\"https:\/\/www.elkatherm-benelux.eu\/blog\/technologie\/\" \/>\n<meta property=\"og:site_name\" content=\"Elkatherm Benelux\" \/>\n<meta property=\"article:publisher\" content=\"https:\/\/www.facebook.com\/elkathermbe\/\" \/>\n<meta property=\"article:modified_time\" content=\"2023-07-03T09:18:21+00:00\" \/>\n<meta property=\"og:image\" content=\"https:\/\/www.elkatherm-benelux.eu\/blog\/a-plus-plus\/\" \/>\n<meta name=\"twitter:card\" content=\"summary_large_image\" \/>\n<meta name=\"twitter:label1\" content=\"Dur\u00e9e de lecture estim\u00e9e\" \/>\n\t<meta name=\"twitter:data1\" content=\"3 minutes\" \/>\n<script type=\"application\/ld+json\" class=\"yoast-schema-graph\">{\"@context\":\"https:\/\/schema.org\",\"@graph\":[{\"@type\":\"WebPage\",\"@id\":\"https:\/\/www.elkatherm-benelux.eu\/blog\/technologie\/\",\"url\":\"https:\/\/www.elkatherm-benelux.eu\/blog\/technologie\/\",\"name\":\"Radiateurs \u00e9lectriques \u00e0 inertie avec briques r\u00e9fractaires | Elkatherm Benelux\",\"isPartOf\":{\"@id\":\"https:\/\/www.elkatherm-benelux.eu\/blog\/#website\"},\"primaryImageOfPage\":{\"@id\":\"https:\/\/www.elkatherm-benelux.eu\/blog\/technologie\/#primaryimage\"},\"image\":{\"@id\":\"https:\/\/www.elkatherm-benelux.eu\/blog\/technologie\/#primaryimage\"},\"thumbnailUrl\":\"https:\/\/www.elkatherm-benelux.eu\/blog\/a-plus-plus\/\",\"datePublished\":\"2021-08-06T13:40:33+00:00\",\"dateModified\":\"2023-07-03T09:18:21+00:00\",\"description\":\"Avec la technologie de chauffage ELKATHERM, vous choisissez des appareils certifi\u00e9s pour leur s\u00e9curit\u00e9 maximale et qui portent le label A++Les radiateurs \u00e9lectriques \u00e0 inertie avec briques r\u00e9fractaires de ELKATHERM offrent une chaleur efficace et \u00e9conomique pour votre maison. Tous nos appareils portent le label \u00e9nerg\u00e9tique A++ pour une efficacit\u00e9 \u00e9nerg\u00e9tique exceptionnelle. Contactez-nous d\u00e8s maintenant pour plus d\u2019informations !\",\"breadcrumb\":{\"@id\":\"https:\/\/www.elkatherm-benelux.eu\/blog\/technologie\/#breadcrumb\"},\"inLanguage\":\"fr-FR\",\"potentialAction\":[{\"@type\":\"ReadAction\",\"target\":[\"https:\/\/www.elkatherm-benelux.eu\/blog\/technologie\/\"]}]},{\"@type\":\"ImageObject\",\"inLanguage\":\"fr-FR\",\"@id\":\"https:\/\/www.elkatherm-benelux.eu\/blog\/technologie\/#primaryimage\",\"url\":\"https:\/\/www.elkatherm-benelux.eu\/blog\/a-plus-plus\/\",\"contentUrl\":\"https:\/\/www.elkatherm-benelux.eu\/blog\/a-plus-plus\/\"},{\"@type\":\"BreadcrumbList\",\"@id\":\"https:\/\/www.elkatherm-benelux.eu\/blog\/technologie\/#breadcrumb\",\"itemListElement\":[{\"@type\":\"ListItem\",\"position\":1,\"name\":\"Accueil\",\"item\":\"https:\/\/www.elkatherm-benelux.eu\/blog\/\"},{\"@type\":\"ListItem\",\"position\":2,\"name\":\"Technologie\"}]},{\"@type\":\"WebSite\",\"@id\":\"https:\/\/www.elkatherm-benelux.eu\/blog\/#website\",\"url\":\"https:\/\/www.elkatherm-benelux.eu\/blog\/\",\"name\":\"Elkatherm Benelux\",\"description\":\"Radiateurs &eacute;lectriques &agrave; inertie\",\"publisher\":{\"@id\":\"https:\/\/www.elkatherm-benelux.eu\/blog\/#organization\"},\"potentialAction\":[{\"@type\":\"SearchAction\",\"target\":{\"@type\":\"EntryPoint\",\"urlTemplate\":\"https:\/\/www.elkatherm-benelux.eu\/blog\/?s={search_term_string}\"},\"query-input\":{\"@type\":\"PropertyValueSpecification\",\"valueRequired\":true,\"valueName\":\"search_term_string\"}}],\"inLanguage\":\"fr-FR\"},{\"@type\":\"Organization\",\"@id\":\"https:\/\/www.elkatherm-benelux.eu\/blog\/#organization\",\"name\":\"ELKATHERM Benelux\",\"url\":\"https:\/\/www.elkatherm-benelux.eu\/blog\/\",\"logo\":{\"@type\":\"ImageObject\",\"inLanguage\":\"fr-FR\",\"@id\":\"https:\/\/www.elkatherm-benelux.eu\/blog\/#\/schema\/logo\/image\/\",\"url\":\"https:\/\/www.elkatherm-benelux.be\/wp-content\/uploads\/2021\/05\/ELKATHERM_logo.jpg\",\"contentUrl\":\"https:\/\/www.elkatherm-benelux.be\/wp-content\/uploads\/2021\/05\/ELKATHERM_logo.jpg\",\"width\":577,\"height\":137,\"caption\":\"ELKATHERM Benelux\"},\"image\":{\"@id\":\"https:\/\/www.elkatherm-benelux.eu\/blog\/#\/schema\/logo\/image\/\"},\"sameAs\":[\"https:\/\/www.facebook.com\/elkathermbe\/\",\"https:\/\/www.instagram.com\/elkatherm_benelux\",\"https:\/\/www.youtube.com\/channel\/UCa2fW6rCLETD_B26V02eAlw\"]}]}<\/script>\n<!-- \/ Yoast SEO plugin. -->","yoast_head_json":{"title":"Radiateurs \u00e9lectriques \u00e0 inertie avec briques r\u00e9fractaires | Elkatherm Benelux","description":"Avec la technologie de chauffage ELKATHERM, vous choisissez des appareils certifi\u00e9s pour leur s\u00e9curit\u00e9 maximale et qui portent le label A++Les radiateurs \u00e9lectriques \u00e0 inertie avec briques r\u00e9fractaires de ELKATHERM offrent une chaleur efficace et \u00e9conomique pour votre maison. Tous nos appareils portent le label \u00e9nerg\u00e9tique A++ pour une efficacit\u00e9 \u00e9nerg\u00e9tique exceptionnelle. Contactez-nous d\u00e8s maintenant pour plus d\u2019informations !","robots":{"index":"index","follow":"follow","max-snippet":"max-snippet:-1","max-image-preview":"max-image-preview:large","max-video-preview":"max-video-preview:-1"},"canonical":"https:\/\/www.elkatherm-benelux.eu\/blog\/technologie\/","og_locale":"fr_FR","og_type":"article","og_title":"Radiateurs \u00e9lectriques \u00e0 inertie avec briques r\u00e9fractaires | Elkatherm Benelux","og_description":"Avec la technologie de chauffage ELKATHERM, vous choisissez des appareils certifi\u00e9s pour leur s\u00e9curit\u00e9 maximale et qui portent le label A++Les radiateurs \u00e9lectriques \u00e0 inertie avec briques r\u00e9fractaires de ELKATHERM offrent une chaleur efficace et \u00e9conomique pour votre maison. Tous nos appareils portent le label \u00e9nerg\u00e9tique A++ pour une efficacit\u00e9 \u00e9nerg\u00e9tique exceptionnelle. Contactez-nous d\u00e8s maintenant pour plus d\u2019informations !","og_url":"https:\/\/www.elkatherm-benelux.eu\/blog\/technologie\/","og_site_name":"Elkatherm Benelux","article_publisher":"https:\/\/www.facebook.com\/elkathermbe\/","article_modified_time":"2023-07-03T09:18:21+00:00","og_image":[{"url":"https:\/\/www.elkatherm-benelux.eu\/blog\/a-plus-plus\/","type":"","width":"","height":""}],"twitter_card":"summary_large_image","twitter_misc":{"Dur\u00e9e de lecture estim\u00e9e":"3 minutes"},"schema":{"@context":"https:\/\/schema.org","@graph":[{"@type":"WebPage","@id":"https:\/\/www.elkatherm-benelux.eu\/blog\/technologie\/","url":"https:\/\/www.elkatherm-benelux.eu\/blog\/technologie\/","name":"Radiateurs \u00e9lectriques \u00e0 inertie avec briques r\u00e9fractaires | Elkatherm Benelux","isPartOf":{"@id":"https:\/\/www.elkatherm-benelux.eu\/blog\/#website"},"primaryImageOfPage":{"@id":"https:\/\/www.elkatherm-benelux.eu\/blog\/technologie\/#primaryimage"},"image":{"@id":"https:\/\/www.elkatherm-benelux.eu\/blog\/technologie\/#primaryimage"},"thumbnailUrl":"https:\/\/www.elkatherm-benelux.eu\/blog\/a-plus-plus\/","datePublished":"2021-08-06T13:40:33+00:00","dateModified":"2023-07-03T09:18:21+00:00","description":"Avec la technologie de chauffage ELKATHERM, vous choisissez des appareils certifi\u00e9s pour leur s\u00e9curit\u00e9 maximale et qui portent le label A++Les radiateurs \u00e9lectriques \u00e0 inertie avec briques r\u00e9fractaires de ELKATHERM offrent une chaleur efficace et \u00e9conomique pour votre maison. Tous nos appareils portent le label \u00e9nerg\u00e9tique A++ pour une efficacit\u00e9 \u00e9nerg\u00e9tique exceptionnelle. Contactez-nous d\u00e8s maintenant pour plus d\u2019informations !","breadcrumb":{"@id":"https:\/\/www.elkatherm-benelux.eu\/blog\/technologie\/#breadcrumb"},"inLanguage":"fr-FR","potentialAction":[{"@type":"ReadAction","target":["https:\/\/www.elkatherm-benelux.eu\/blog\/technologie\/"]}]},{"@type":"ImageObject","inLanguage":"fr-FR","@id":"https:\/\/www.elkatherm-benelux.eu\/blog\/technologie\/#primaryimage","url":"https:\/\/www.elkatherm-benelux.eu\/blog\/a-plus-plus\/","contentUrl":"https:\/\/www.elkatherm-benelux.eu\/blog\/a-plus-plus\/"},{"@type":"BreadcrumbList","@id":"https:\/\/www.elkatherm-benelux.eu\/blog\/technologie\/#breadcrumb","itemListElement":[{"@type":"ListItem","position":1,"name":"Accueil","item":"https:\/\/www.elkatherm-benelux.eu\/blog\/"},{"@type":"ListItem","position":2,"name":"Technologie"}]},{"@type":"WebSite","@id":"https:\/\/www.elkatherm-benelux.eu\/blog\/#website","url":"https:\/\/www.elkatherm-benelux.eu\/blog\/","name":"Elkatherm Benelux","description":"Radiateurs &eacute;lectriques &agrave; inertie","publisher":{"@id":"https:\/\/www.elkatherm-benelux.eu\/blog\/#organization"},"potentialAction":[{"@type":"SearchAction","target":{"@type":"EntryPoint","urlTemplate":"https:\/\/www.elkatherm-benelux.eu\/blog\/?s={search_term_string}"},"query-input":{"@type":"PropertyValueSpecification","valueRequired":true,"valueName":"search_term_string"}}],"inLanguage":"fr-FR"},{"@type":"Organization","@id":"https:\/\/www.elkatherm-benelux.eu\/blog\/#organization","name":"ELKATHERM Benelux","url":"https:\/\/www.elkatherm-benelux.eu\/blog\/","logo":{"@type":"ImageObject","inLanguage":"fr-FR","@id":"https:\/\/www.elkatherm-benelux.eu\/blog\/#\/schema\/logo\/image\/","url":"https:\/\/www.elkatherm-benelux.be\/wp-content\/uploads\/2021\/05\/ELKATHERM_logo.jpg","contentUrl":"https:\/\/www.elkatherm-benelux.be\/wp-content\/uploads\/2021\/05\/ELKATHERM_logo.jpg","width":577,"height":137,"caption":"ELKATHERM Benelux"},"image":{"@id":"https:\/\/www.elkatherm-benelux.eu\/blog\/#\/schema\/logo\/image\/"},"sameAs":["https:\/\/www.facebook.com\/elkathermbe\/","https:\/\/www.instagram.com\/elkatherm_benelux","https:\/\/www.youtube.com\/channel\/UCa2fW6rCLETD_B26V02eAlw"]}]}},"_links":{"self":[{"href":"https:\/\/www.elkatherm-benelux.eu\/blog\/wp-json\/wp\/v2\/pages\/4260"}],"collection":[{"href":"https:\/\/www.elkatherm-benelux.eu\/blog\/wp-json\/wp\/v2\/pages"}],"about":[{"href":"https:\/\/www.elkatherm-benelux.eu\/blog\/wp-json\/wp\/v2\/types\/page"}],"author":[{"embeddable":true,"href":"https:\/\/www.elkatherm-benelux.eu\/blog\/wp-json\/wp\/v2\/users\/1"}],"replies":[{"embeddable":true,"href":"https:\/\/www.elkatherm-benelux.eu\/blog\/wp-json\/wp\/v2\/comments?post=4260"}],"version-history":[{"count":66,"href":"https:\/\/www.elkatherm-benelux.eu\/blog\/wp-json\/wp\/v2\/pages\/4260\/revisions"}],"predecessor-version":[{"id":11913,"href":"https:\/\/www.elkatherm-benelux.eu\/blog\/wp-json\/wp\/v2\/pages\/4260\/revisions\/11913"}],"wp:attachment":[{"href":"https:\/\/www.elkatherm-benelux.eu\/blog\/wp-json\/wp\/v2\/media?parent=4260"}],"curies":[{"name":"wp","href":"https:\/\/api.w.org\/{rel}","templated":true}]}}