{"id":4662,"date":"2021-08-18T08:06:32","date_gmt":"2021-08-18T08:06:32","guid":{"rendered":"https:\/\/www.elkatherm-benelux.eu\/blog\/?page_id=4662"},"modified":"2025-11-27T15:26:39","modified_gmt":"2025-11-27T15:26:39","slug":"services","status":"publish","type":"page","link":"https:\/\/www.elkatherm-benelux.eu\/blog\/services\/","title":{"rendered":"Services"},"content":{"rendered":"\r\n\r\n<img decoding=\"async\" class=\"product-title-img\" src=\"https:\/\/www.elkatherm-benelux.eu\/blog\/wp-content\/uploads\/2025\/11\/baniere-elka-aidet-1.jpg\" alt=\"Services Elkatherm\">\r\n\r\n<h1 class=\"product-h1\">Vous avez besoin d\u2019une assistance pour l\u2019installation de vos radiateurs&nbsp;Elkatherm&nbsp;?<\/h1>\r\n\r\n<div id=\"pformat\">\r\n\r\n<p>Que vous soyez particulier ou professionnel, <strong>Elkatherm Benelux<\/strong> vous offre son assistance pour l\u2019installation de vos futurs <strong>radiateurs<\/strong>. Nous pouvons vous assister par t\u00e9l\u00e9phone ou vous procurer le contact des revendeurs \u00e0 proximit\u00e9 de votre domicile. Vous avez un installateur ? Nous pouvons \u00e9galement l\u2019assister \u00e0 distance par t\u00e9l\u00e9phone.<\/p>\r\n\r\n<p>Si vous n\u2019avez pas d\u2019installateur et que vous souhaitez compl\u00e8tement d\u00e9l\u00e9guer cette t\u00e2che, nous pouvons vous proposer des \u00e9lectriciens sp\u00e9cialis\u00e9s qui prendront en charge <strong>l\u2019installation compl\u00e8te de vos radiateurs<\/strong>. Pour les particuliers, en confiant votre installation de radiateur \u00e0 un \u00e9lectricien et pour autant que votre habitation ait plus de 10 ans, vous aurez une TVA \u00e0 6% au lieu de 21% (\u00e0 voir avec \u00e9lectricien).<\/p>\r\n\r\n<!--<div class=\"row wp-block-button aligncenter is-style-squared\"><a class=\"wp-block-button__link\" href=\"contactez-nous\/?object=offer\">Demandez votre devis gratuit<\/a><\/div> \r\n<\/div>-->\r\n<\/div>\r\n<table id=\"menu-serv\">\r\n    <tr>\r\n         <td>\r\n             <a>\r\n                 <div>\r\n                    <img decoding=\"async\" src=\"https:\/\/www.elkatherm-benelux.eu\/blog\/wp-content\/uploads\/2025\/11\/ICON-VIDEO.png\"><\/img>\r\n                    <p>Vid\u00e9os explicatives<\/p>\r\n                 <\/div>\r\n             <\/a>\r\n         <\/td>\r\n         <td>\r\n             <a>\r\n                 <div>\r\n                    <img decoding=\"async\" src=\"https:\/\/www.elkatherm-benelux.eu\/blog\/wp-content\/uploads\/2025\/11\/ICON-TELE.png\"><\/img>\r\n                    <p>T\u00e9l\u00e9chargements<\/p>\r\n                 <\/div>\r\n             <\/a>\r\n         <\/td>\r\n         <td>\r\n             <a>\r\n                 <div>\r\n                    <img decoding=\"async\" src=\"https:\/\/www.elkatherm-benelux.eu\/blog\/wp-content\/uploads\/2025\/11\/ICON-SAV.png\"><\/img>\r\n                    <p>SAV<\/p>\r\n                 <\/div>\r\n             <\/a>\r\n         <\/td>\r\n          <td>\r\n             <a>\r\n                 <div>\r\n                    <img decoding=\"async\" src=\"https:\/\/www.elkatherm-benelux.eu\/blog\/wp-content\/uploads\/2025\/11\/ICON-PLAN.png\"><\/img>\r\n                    <p>Guide choix r\u00e9gulation<\/p>\r\n                 <\/div>\r\n             <\/a>\r\n         <\/td>\r\n    <\/tr>\r\n<\/table>\r\n\r\n<div id=\"pformat\">\r\n<h2>Vous avez une question concernant nos radiateurs \u00e0 inertie ?<\/h2>\r\n\r\n<p>Notre \u00e9quipe d&rsquo;assistance technique est l\u00e0 pour r\u00e9pondre \u00e0 toutes les questions et pr\u00e9occupations que vous pourriez avoir concernant nos produits. Nous sommes disponibles par t\u00e9l\u00e9phone, par email ou via le formulaire de contact. Nous faisons de notre mieux pour r\u00e9pondre rapidement et efficacement \u00e0 toutes les demandes, afin que vous puissiez profiter pleinement de votre <strong>radiateur \u00e9lectrique \u00e0 inertie<\/strong>.<\/p>\r\n<p>Afin de vous faciliter le travail, nous mettons \u00e0 votre disposition des <a href=\"telechargements\/manuels\/\">modes d\u2019emploi<\/a> et des <a href=\"telechargements\/guide-montage\/\">guides de montage<\/a>, qui vous permettront de comprendre comment fonctionne votre radiateur et comment l\u2019installer en un rien de temps.<\/p>\r\n\r\n<p>N\u2019h\u00e9sitez pas \u00e0 poser vos questions et faire vos demandes via notre <a href=\"..\/..\/contactez-nous\/\" title=\"Contactez-nous\">formulaire de contact<\/a> \r\nou directement par t\u00e9l\u00e9phone (<a href=\"tel:+3219327304\">+32(0)19 32 73 04<\/a>)  ou par mail (<a href=\"mailto:info@elkatherm.be\">info@elkatherm.be<\/a>). \r\nToute une \u00e9quipe \u00e0 votre service pour vous assister \u00e0 distance et r\u00e9pondre \u00e0 vos demandes <\/p>\r\n\r\n<div class=\"row wp-block-button aligncenter is-style-squared\"><a class=\"wp-block-button__link\" href=\"contactez-nous\">Contactez-nous d\u00e8s maintenant<\/a><\/div>\r\n<\/div>\r\n\r\n","protected":false},"excerpt":{"rendered":"<p>Vous avez besoin d\u2019une assistance pour l\u2019installation de vos radiateurs&nbsp;Elkatherm&nbsp;? Que vous soyez particulier ou professionnel, Elkatherm Benelux vous offre son assistance pour l\u2019installation de vos futurs radiateurs. Nous pouvons vous assister par t\u00e9l\u00e9phone ou vous procurer le contact des revendeurs \u00e0 proximit\u00e9 de votre domicile. Vous avez un installateur ? Nous pouvons \u00e9galement l\u2019assister&#8230;<\/p>\n<p class=\"more-link\"><a href=\"https:\/\/www.elkatherm-benelux.eu\/blog\/services\/\"><span>Read More<\/span><i>&#43;<\/i><\/a><\/p>\n","protected":false},"author":1,"featured_media":0,"parent":0,"menu_order":2,"comment_status":"closed","ping_status":"closed","template":"","meta":{"footnotes":""},"yoast_head":"<!-- This site is optimized with the Yoast SEO plugin v24.5 - https:\/\/yoast.com\/wordpress\/plugins\/seo\/ -->\n<title>Radiateur \u00e0 inertie Elkatherm | Assistance technique<\/title>\n<meta name=\"description\" content=\"Vous avez besoin d\u2019aide concernant l\u2019installation de vos radiateurs \u00e0 inertie ? Obtenez une assistance technique \u00e0 distance ou entrez en contact avec des \u00e9lectriciens sp\u00e9cialis\u00e9s. Contactez-nous d\u00e8s maintenant pour en savoir plus sur nos produits et services.\" \/>\n<meta name=\"robots\" content=\"index, follow, max-snippet:-1, max-image-preview:large, max-video-preview:-1\" \/>\n<link rel=\"canonical\" href=\"https:\/\/www.elkatherm-benelux.eu\/blog\/services\/\" \/>\n<meta property=\"og:locale\" content=\"fr_FR\" \/>\n<meta property=\"og:type\" content=\"article\" \/>\n<meta property=\"og:title\" content=\"Radiateur \u00e0 inertie Elkatherm | Assistance technique\" \/>\n<meta property=\"og:description\" content=\"Vous avez besoin d\u2019aide concernant l\u2019installation de vos radiateurs \u00e0 inertie ? Obtenez une assistance technique \u00e0 distance ou entrez en contact avec des \u00e9lectriciens sp\u00e9cialis\u00e9s. Contactez-nous d\u00e8s maintenant pour en savoir plus sur nos produits et services.\" \/>\n<meta property=\"og:url\" content=\"https:\/\/www.elkatherm-benelux.eu\/blog\/services\/\" \/>\n<meta property=\"og:site_name\" content=\"Elkatherm Benelux\" \/>\n<meta property=\"article:publisher\" content=\"https:\/\/www.facebook.com\/elkathermbe\/\" \/>\n<meta property=\"article:modified_time\" content=\"2025-11-27T15:26:39+00:00\" \/>\n<meta property=\"og:image\" content=\"https:\/\/www.elkatherm-benelux.eu\/blog\/wp-content\/uploads\/2025\/11\/baniere-elka-aidet-1.jpg\" \/>\n<meta name=\"twitter:card\" content=\"summary_large_image\" \/>\n<meta name=\"twitter:label1\" content=\"Dur\u00e9e de lecture estim\u00e9e\" \/>\n\t<meta name=\"twitter:data1\" content=\"2 minutes\" \/>\n<script type=\"application\/ld+json\" class=\"yoast-schema-graph\">{\"@context\":\"https:\/\/schema.org\",\"@graph\":[{\"@type\":\"WebPage\",\"@id\":\"https:\/\/www.elkatherm-benelux.eu\/blog\/services\/\",\"url\":\"https:\/\/www.elkatherm-benelux.eu\/blog\/services\/\",\"name\":\"Radiateur \u00e0 inertie Elkatherm | Assistance technique\",\"isPartOf\":{\"@id\":\"https:\/\/www.elkatherm-benelux.eu\/blog\/#website\"},\"primaryImageOfPage\":{\"@id\":\"https:\/\/www.elkatherm-benelux.eu\/blog\/services\/#primaryimage\"},\"image\":{\"@id\":\"https:\/\/www.elkatherm-benelux.eu\/blog\/services\/#primaryimage\"},\"thumbnailUrl\":\"https:\/\/www.elkatherm-benelux.eu\/blog\/wp-content\/uploads\/2025\/11\/baniere-elka-aidet-1.jpg\",\"datePublished\":\"2021-08-18T08:06:32+00:00\",\"dateModified\":\"2025-11-27T15:26:39+00:00\",\"description\":\"Vous avez besoin d\u2019aide concernant l\u2019installation de vos radiateurs \u00e0 inertie ? Obtenez une assistance technique \u00e0 distance ou entrez en contact avec des \u00e9lectriciens sp\u00e9cialis\u00e9s. Contactez-nous d\u00e8s maintenant pour en savoir plus sur nos produits et services.\",\"breadcrumb\":{\"@id\":\"https:\/\/www.elkatherm-benelux.eu\/blog\/services\/#breadcrumb\"},\"inLanguage\":\"fr-FR\",\"potentialAction\":[{\"@type\":\"ReadAction\",\"target\":[\"https:\/\/www.elkatherm-benelux.eu\/blog\/services\/\"]}]},{\"@type\":\"ImageObject\",\"inLanguage\":\"fr-FR\",\"@id\":\"https:\/\/www.elkatherm-benelux.eu\/blog\/services\/#primaryimage\",\"url\":\"https:\/\/www.elkatherm-benelux.eu\/blog\/wp-content\/uploads\/2025\/11\/baniere-elka-aidet-1.jpg\",\"contentUrl\":\"https:\/\/www.elkatherm-benelux.eu\/blog\/wp-content\/uploads\/2025\/11\/baniere-elka-aidet-1.jpg\",\"width\":1140,\"height\":227},{\"@type\":\"BreadcrumbList\",\"@id\":\"https:\/\/www.elkatherm-benelux.eu\/blog\/services\/#breadcrumb\",\"itemListElement\":[{\"@type\":\"ListItem\",\"position\":1,\"name\":\"Accueil\",\"item\":\"https:\/\/www.elkatherm-benelux.eu\/blog\/\"},{\"@type\":\"ListItem\",\"position\":2,\"name\":\"Services\"}]},{\"@type\":\"WebSite\",\"@id\":\"https:\/\/www.elkatherm-benelux.eu\/blog\/#website\",\"url\":\"https:\/\/www.elkatherm-benelux.eu\/blog\/\",\"name\":\"Elkatherm Benelux\",\"description\":\"Radiateurs &eacute;lectriques &agrave; inertie\",\"publisher\":{\"@id\":\"https:\/\/www.elkatherm-benelux.eu\/blog\/#organization\"},\"potentialAction\":[{\"@type\":\"SearchAction\",\"target\":{\"@type\":\"EntryPoint\",\"urlTemplate\":\"https:\/\/www.elkatherm-benelux.eu\/blog\/?s={search_term_string}\"},\"query-input\":{\"@type\":\"PropertyValueSpecification\",\"valueRequired\":true,\"valueName\":\"search_term_string\"}}],\"inLanguage\":\"fr-FR\"},{\"@type\":\"Organization\",\"@id\":\"https:\/\/www.elkatherm-benelux.eu\/blog\/#organization\",\"name\":\"ELKATHERM Benelux\",\"url\":\"https:\/\/www.elkatherm-benelux.eu\/blog\/\",\"logo\":{\"@type\":\"ImageObject\",\"inLanguage\":\"fr-FR\",\"@id\":\"https:\/\/www.elkatherm-benelux.eu\/blog\/#\/schema\/logo\/image\/\",\"url\":\"https:\/\/www.elkatherm-benelux.be\/wp-content\/uploads\/2021\/05\/ELKATHERM_logo.jpg\",\"contentUrl\":\"https:\/\/www.elkatherm-benelux.be\/wp-content\/uploads\/2021\/05\/ELKATHERM_logo.jpg\",\"width\":577,\"height\":137,\"caption\":\"ELKATHERM Benelux\"},\"image\":{\"@id\":\"https:\/\/www.elkatherm-benelux.eu\/blog\/#\/schema\/logo\/image\/\"},\"sameAs\":[\"https:\/\/www.facebook.com\/elkathermbe\/\",\"https:\/\/www.instagram.com\/elkatherm_benelux\",\"https:\/\/www.youtube.com\/channel\/UCa2fW6rCLETD_B26V02eAlw\"]}]}<\/script>\n<!-- \/ Yoast SEO plugin. -->","yoast_head_json":{"title":"Radiateur \u00e0 inertie Elkatherm | Assistance technique","description":"Vous avez besoin d\u2019aide concernant l\u2019installation de vos radiateurs \u00e0 inertie ? Obtenez une assistance technique \u00e0 distance ou entrez en contact avec des \u00e9lectriciens sp\u00e9cialis\u00e9s. Contactez-nous d\u00e8s maintenant pour en savoir plus sur nos produits et services.","robots":{"index":"index","follow":"follow","max-snippet":"max-snippet:-1","max-image-preview":"max-image-preview:large","max-video-preview":"max-video-preview:-1"},"canonical":"https:\/\/www.elkatherm-benelux.eu\/blog\/services\/","og_locale":"fr_FR","og_type":"article","og_title":"Radiateur \u00e0 inertie Elkatherm | Assistance technique","og_description":"Vous avez besoin d\u2019aide concernant l\u2019installation de vos radiateurs \u00e0 inertie ? Obtenez une assistance technique \u00e0 distance ou entrez en contact avec des \u00e9lectriciens sp\u00e9cialis\u00e9s. Contactez-nous d\u00e8s maintenant pour en savoir plus sur nos produits et services.","og_url":"https:\/\/www.elkatherm-benelux.eu\/blog\/services\/","og_site_name":"Elkatherm Benelux","article_publisher":"https:\/\/www.facebook.com\/elkathermbe\/","article_modified_time":"2025-11-27T15:26:39+00:00","og_image":[{"url":"https:\/\/www.elkatherm-benelux.eu\/blog\/wp-content\/uploads\/2025\/11\/baniere-elka-aidet-1.jpg","type":"","width":"","height":""}],"twitter_card":"summary_large_image","twitter_misc":{"Dur\u00e9e de lecture estim\u00e9e":"2 minutes"},"schema":{"@context":"https:\/\/schema.org","@graph":[{"@type":"WebPage","@id":"https:\/\/www.elkatherm-benelux.eu\/blog\/services\/","url":"https:\/\/www.elkatherm-benelux.eu\/blog\/services\/","name":"Radiateur \u00e0 inertie Elkatherm | Assistance technique","isPartOf":{"@id":"https:\/\/www.elkatherm-benelux.eu\/blog\/#website"},"primaryImageOfPage":{"@id":"https:\/\/www.elkatherm-benelux.eu\/blog\/services\/#primaryimage"},"image":{"@id":"https:\/\/www.elkatherm-benelux.eu\/blog\/services\/#primaryimage"},"thumbnailUrl":"https:\/\/www.elkatherm-benelux.eu\/blog\/wp-content\/uploads\/2025\/11\/baniere-elka-aidet-1.jpg","datePublished":"2021-08-18T08:06:32+00:00","dateModified":"2025-11-27T15:26:39+00:00","description":"Vous avez besoin d\u2019aide concernant l\u2019installation de vos radiateurs \u00e0 inertie ? Obtenez une assistance technique \u00e0 distance ou entrez en contact avec des \u00e9lectriciens sp\u00e9cialis\u00e9s. Contactez-nous d\u00e8s maintenant pour en savoir plus sur nos produits et services.","breadcrumb":{"@id":"https:\/\/www.elkatherm-benelux.eu\/blog\/services\/#breadcrumb"},"inLanguage":"fr-FR","potentialAction":[{"@type":"ReadAction","target":["https:\/\/www.elkatherm-benelux.eu\/blog\/services\/"]}]},{"@type":"ImageObject","inLanguage":"fr-FR","@id":"https:\/\/www.elkatherm-benelux.eu\/blog\/services\/#primaryimage","url":"https:\/\/www.elkatherm-benelux.eu\/blog\/wp-content\/uploads\/2025\/11\/baniere-elka-aidet-1.jpg","contentUrl":"https:\/\/www.elkatherm-benelux.eu\/blog\/wp-content\/uploads\/2025\/11\/baniere-elka-aidet-1.jpg","width":1140,"height":227},{"@type":"BreadcrumbList","@id":"https:\/\/www.elkatherm-benelux.eu\/blog\/services\/#breadcrumb","itemListElement":[{"@type":"ListItem","position":1,"name":"Accueil","item":"https:\/\/www.elkatherm-benelux.eu\/blog\/"},{"@type":"ListItem","position":2,"name":"Services"}]},{"@type":"WebSite","@id":"https:\/\/www.elkatherm-benelux.eu\/blog\/#website","url":"https:\/\/www.elkatherm-benelux.eu\/blog\/","name":"Elkatherm Benelux","description":"Radiateurs &eacute;lectriques &agrave; inertie","publisher":{"@id":"https:\/\/www.elkatherm-benelux.eu\/blog\/#organization"},"potentialAction":[{"@type":"SearchAction","target":{"@type":"EntryPoint","urlTemplate":"https:\/\/www.elkatherm-benelux.eu\/blog\/?s={search_term_string}"},"query-input":{"@type":"PropertyValueSpecification","valueRequired":true,"valueName":"search_term_string"}}],"inLanguage":"fr-FR"},{"@type":"Organization","@id":"https:\/\/www.elkatherm-benelux.eu\/blog\/#organization","name":"ELKATHERM Benelux","url":"https:\/\/www.elkatherm-benelux.eu\/blog\/","logo":{"@type":"ImageObject","inLanguage":"fr-FR","@id":"https:\/\/www.elkatherm-benelux.eu\/blog\/#\/schema\/logo\/image\/","url":"https:\/\/www.elkatherm-benelux.be\/wp-content\/uploads\/2021\/05\/ELKATHERM_logo.jpg","contentUrl":"https:\/\/www.elkatherm-benelux.be\/wp-content\/uploads\/2021\/05\/ELKATHERM_logo.jpg","width":577,"height":137,"caption":"ELKATHERM Benelux"},"image":{"@id":"https:\/\/www.elkatherm-benelux.eu\/blog\/#\/schema\/logo\/image\/"},"sameAs":["https:\/\/www.facebook.com\/elkathermbe\/","https:\/\/www.instagram.com\/elkatherm_benelux","https:\/\/www.youtube.com\/channel\/UCa2fW6rCLETD_B26V02eAlw"]}]}},"_links":{"self":[{"href":"https:\/\/www.elkatherm-benelux.eu\/blog\/wp-json\/wp\/v2\/pages\/4662"}],"collection":[{"href":"https:\/\/www.elkatherm-benelux.eu\/blog\/wp-json\/wp\/v2\/pages"}],"about":[{"href":"https:\/\/www.elkatherm-benelux.eu\/blog\/wp-json\/wp\/v2\/types\/page"}],"author":[{"embeddable":true,"href":"https:\/\/www.elkatherm-benelux.eu\/blog\/wp-json\/wp\/v2\/users\/1"}],"replies":[{"embeddable":true,"href":"https:\/\/www.elkatherm-benelux.eu\/blog\/wp-json\/wp\/v2\/comments?post=4662"}],"version-history":[{"count":25,"href":"https:\/\/www.elkatherm-benelux.eu\/blog\/wp-json\/wp\/v2\/pages\/4662\/revisions"}],"predecessor-version":[{"id":20637,"href":"https:\/\/www.elkatherm-benelux.eu\/blog\/wp-json\/wp\/v2\/pages\/4662\/revisions\/20637"}],"wp:attachment":[{"href":"https:\/\/www.elkatherm-benelux.eu\/blog\/wp-json\/wp\/v2\/media?parent=4662"}],"curies":[{"name":"wp","href":"https:\/\/api.w.org\/{rel}","templated":true}]}}