{"id":5160,"date":"2021-10-06T14:27:19","date_gmt":"2021-10-06T14:27:19","guid":{"rendered":"https:\/\/www.elkatherm-benelux.eu\/blog\/?page_id=5160"},"modified":"2021-10-11T11:48:01","modified_gmt":"2021-10-11T11:48:01","slug":"chamotte","status":"publish","type":"page","link":"https:\/\/www.elkatherm-benelux.eu\/blog\/technologie\/chamotte\/","title":{"rendered":"chamotte"},"content":{"rendered":"\r\n\r\n<div class=\"products-menu\">\r\n    <div>\r\n        <a id=\"tech-menu-overv\" href=\"https:\/\/www.elkatherm-benelux.eu\/blog\/technologie\/\" title=\"Pr\u00e9sentation\">Pr\u00e9sentation<\/a>\r\n        <a id=\"tech-menu-chamotte\" href=\"https:\/\/www.elkatherm-benelux.eu\/blog\/technologie\/chamotte\/\" title=\"La chamotte\">Mat\u00e9riau<\/a>\r\n        <a id=\"tech-menu-effic\" href=\"https:\/\/www.elkatherm-benelux.eu\/blog\/technologie\/efficacite-energetique\/\" title=\"Efficacit\u00e9 \u00e9nerg\u00e9tique\">Efficacit\u00e9<\/a>\r\n        <a id=\"tech-menu-connect\" href=\"https:\/\/www.elkatherm-benelux.eu\/blog\/technologie\/connected-home\/\" title=\"Connected Home\">Chauffage 2.0<\/a>\r\n        <a id=\"tech-menu-inertvsacc\" href=\"https:\/\/www.elkatherm-benelux.eu\/blog\/technologie\/comparatif-inertie-accumulation\/\" title=\"Comparatif radiateurs \u00e0 inertie et accumulation\">Inertie vs accumu&shy;lation<\/a>\r\n    <\/div>        \r\n<\/div>\r\n<!-- Script pour indication menu section active (ajout classe fond orange): -->\r\n<script>\r\n    window.onload = function showActive() {\r\n        var element = document.getElementById(\"tech-menu-chamotte\");\r\n        element.classList.add(\"active-options-menu\");\r\n    }    \r\n<\/script> \r\n\r\n<h1 class=\"product-h1 display-3\">La chamotte<\/h1>\r\n<h2 class=\"display-4\">Le mat\u00e9riau donne le ton<\/h2>\r\n<div class=\"technology-3\">\r\n    <p class=\"introtext\"><img decoding=\"async\" class=\"wp-image-128 left\" alt=\"Ecologique\" src=\"https:\/\/www.elkatherm-benelux.eu\/blog\/ecologique\">Si vous aimez le chauffage durable, vous serez heureux d\u2019apprendre que votre syst\u00e8me de <strong><a href=\"produits\/\" title=\"Radiateurs \u00e9lectriques \u00e0 inertie\" style=\"color: inherit\">chauffage ELKATHERM<\/a><\/strong> est d\u00e9j\u00e0 exemplaire lors de sa production. Sa brique de stockage en chamotte \u2013&nbsp;le c\u0153ur de l\u2019appareil de chauffage&nbsp;\u2013 est compos\u00e9e d\u2019ingr\u00e9dients purement naturels, dont principalement de l\u2019argile. Nous l\u2019exploitons directement sur le pas de notre porte, dans le Westerwald, en raison des courtes distances mais surtout pour sa qualit\u00e9 sup\u00e9rieure car plus l\u2019argile est pure, meilleure est la r\u00e9tention de chaleur.  <\/p>\r\n    <img decoding=\"async\" src=\"https:\/\/www.elkatherm-benelux.eu\/blog\/chamotte-2\/\" alt=\"chamotte\">\r\n    <p class=\"introtext\">Bien entendu, le syst\u00e8me de chauffage assure avant tout un bon climat dans vos pi\u00e8ces. Cela s\u2019explique par les conducteurs de chauffage Cromargan<sup>\u00ae<\/sup> de haute qualit\u00e9 qui sont int\u00e9gr\u00e9s dans la pierre de stockage. Le pressage \u00e9tanche \u00e0 l\u2019air, garantit que la teneur en oxyg\u00e8ne reste constante pendant la chauffe \u2013 et vous b\u00e9n\u00e9ficiez d\u2019un climat int\u00e9rieur sain en permanence.<\/p>\r\n<\/div> \r\n","protected":false},"excerpt":{"rendered":"<p>La chamotte Le mat\u00e9riau donne le ton Si vous aimez le chauffage durable, vous serez heureux d\u2019apprendre que votre syst\u00e8me de chauffage ELKATHERM est d\u00e9j\u00e0 exemplaire lors de sa production. Sa brique de stockage en chamotte \u2013&nbsp;le c\u0153ur de l\u2019appareil de chauffage&nbsp;\u2013 est compos\u00e9e d\u2019ingr\u00e9dients purement naturels, dont principalement de l\u2019argile. Nous l\u2019exploitons directement sur&#8230;<\/p>\n<p class=\"more-link\"><a href=\"https:\/\/www.elkatherm-benelux.eu\/blog\/technologie\/chamotte\/\"><span>Read More<\/span><i>&#43;<\/i><\/a><\/p>\n","protected":false},"author":1,"featured_media":0,"parent":4260,"menu_order":0,"comment_status":"closed","ping_status":"closed","template":"","meta":{"footnotes":""},"yoast_head":"<!-- This site is optimized with the Yoast SEO plugin v24.5 - https:\/\/yoast.com\/wordpress\/plugins\/seo\/ -->\n<title>chamotte - Elkatherm Benelux<\/title>\n<meta name=\"description\" content=\"La brique de stockage en chamotte est compos\u00e9e d\u2019ingr\u00e9dients purement naturels, dont principalement de l\u2019argile. Nous l\u2019exploitons directement sur le pas de notre porte.\" \/>\n<meta name=\"robots\" content=\"index, follow, max-snippet:-1, max-image-preview:large, max-video-preview:-1\" \/>\n<link rel=\"canonical\" href=\"https:\/\/www.elkatherm-benelux.eu\/blog\/technologie\/chamotte\/\" \/>\n<meta property=\"og:locale\" content=\"fr_FR\" \/>\n<meta property=\"og:type\" content=\"article\" \/>\n<meta property=\"og:title\" content=\"chamotte - Elkatherm Benelux\" \/>\n<meta property=\"og:description\" content=\"La brique de stockage en chamotte est compos\u00e9e d\u2019ingr\u00e9dients purement naturels, dont principalement de l\u2019argile. Nous l\u2019exploitons directement sur le pas de notre porte.\" \/>\n<meta property=\"og:url\" content=\"https:\/\/www.elkatherm-benelux.eu\/blog\/technologie\/chamotte\/\" \/>\n<meta property=\"og:site_name\" content=\"Elkatherm Benelux\" \/>\n<meta property=\"article:publisher\" content=\"https:\/\/www.facebook.com\/elkathermbe\/\" \/>\n<meta property=\"article:modified_time\" content=\"2021-10-11T11:48:01+00:00\" \/>\n<meta property=\"og:image\" content=\"https:\/\/www.elkatherm-benelux.eu\/blog\/ecologique\" \/>\n<meta name=\"twitter:card\" content=\"summary_large_image\" \/>\n<meta name=\"twitter:label1\" content=\"Dur\u00e9e de lecture estim\u00e9e\" \/>\n\t<meta name=\"twitter:data1\" content=\"1 minute\" \/>\n<script type=\"application\/ld+json\" class=\"yoast-schema-graph\">{\"@context\":\"https:\/\/schema.org\",\"@graph\":[{\"@type\":\"WebPage\",\"@id\":\"https:\/\/www.elkatherm-benelux.eu\/blog\/technologie\/chamotte\/\",\"url\":\"https:\/\/www.elkatherm-benelux.eu\/blog\/technologie\/chamotte\/\",\"name\":\"chamotte - Elkatherm Benelux\",\"isPartOf\":{\"@id\":\"https:\/\/www.elkatherm-benelux.eu\/blog\/#website\"},\"primaryImageOfPage\":{\"@id\":\"https:\/\/www.elkatherm-benelux.eu\/blog\/technologie\/chamotte\/#primaryimage\"},\"image\":{\"@id\":\"https:\/\/www.elkatherm-benelux.eu\/blog\/technologie\/chamotte\/#primaryimage\"},\"thumbnailUrl\":\"https:\/\/www.elkatherm-benelux.eu\/blog\/ecologique\",\"datePublished\":\"2021-10-06T14:27:19+00:00\",\"dateModified\":\"2021-10-11T11:48:01+00:00\",\"description\":\"La brique de stockage en chamotte est compos\u00e9e d\u2019ingr\u00e9dients purement naturels, dont principalement de l\u2019argile. Nous l\u2019exploitons directement sur le pas de notre porte.\",\"breadcrumb\":{\"@id\":\"https:\/\/www.elkatherm-benelux.eu\/blog\/technologie\/chamotte\/#breadcrumb\"},\"inLanguage\":\"fr-FR\",\"potentialAction\":[{\"@type\":\"ReadAction\",\"target\":[\"https:\/\/www.elkatherm-benelux.eu\/blog\/technologie\/chamotte\/\"]}]},{\"@type\":\"ImageObject\",\"inLanguage\":\"fr-FR\",\"@id\":\"https:\/\/www.elkatherm-benelux.eu\/blog\/technologie\/chamotte\/#primaryimage\",\"url\":\"https:\/\/www.elkatherm-benelux.eu\/blog\/ecologique\",\"contentUrl\":\"https:\/\/www.elkatherm-benelux.eu\/blog\/ecologique\"},{\"@type\":\"BreadcrumbList\",\"@id\":\"https:\/\/www.elkatherm-benelux.eu\/blog\/technologie\/chamotte\/#breadcrumb\",\"itemListElement\":[{\"@type\":\"ListItem\",\"position\":1,\"name\":\"Accueil\",\"item\":\"https:\/\/www.elkatherm-benelux.eu\/blog\/\"},{\"@type\":\"ListItem\",\"position\":2,\"name\":\"Technologie\",\"item\":\"https:\/\/www.elkatherm-benelux.eu\/blog\/technologie\/\"},{\"@type\":\"ListItem\",\"position\":3,\"name\":\"chamotte\"}]},{\"@type\":\"WebSite\",\"@id\":\"https:\/\/www.elkatherm-benelux.eu\/blog\/#website\",\"url\":\"https:\/\/www.elkatherm-benelux.eu\/blog\/\",\"name\":\"Elkatherm Benelux\",\"description\":\"Radiateurs &eacute;lectriques &agrave; inertie\",\"publisher\":{\"@id\":\"https:\/\/www.elkatherm-benelux.eu\/blog\/#organization\"},\"potentialAction\":[{\"@type\":\"SearchAction\",\"target\":{\"@type\":\"EntryPoint\",\"urlTemplate\":\"https:\/\/www.elkatherm-benelux.eu\/blog\/?s={search_term_string}\"},\"query-input\":{\"@type\":\"PropertyValueSpecification\",\"valueRequired\":true,\"valueName\":\"search_term_string\"}}],\"inLanguage\":\"fr-FR\"},{\"@type\":\"Organization\",\"@id\":\"https:\/\/www.elkatherm-benelux.eu\/blog\/#organization\",\"name\":\"ELKATHERM Benelux\",\"url\":\"https:\/\/www.elkatherm-benelux.eu\/blog\/\",\"logo\":{\"@type\":\"ImageObject\",\"inLanguage\":\"fr-FR\",\"@id\":\"https:\/\/www.elkatherm-benelux.eu\/blog\/#\/schema\/logo\/image\/\",\"url\":\"https:\/\/www.elkatherm-benelux.be\/wp-content\/uploads\/2021\/05\/ELKATHERM_logo.jpg\",\"contentUrl\":\"https:\/\/www.elkatherm-benelux.be\/wp-content\/uploads\/2021\/05\/ELKATHERM_logo.jpg\",\"width\":577,\"height\":137,\"caption\":\"ELKATHERM Benelux\"},\"image\":{\"@id\":\"https:\/\/www.elkatherm-benelux.eu\/blog\/#\/schema\/logo\/image\/\"},\"sameAs\":[\"https:\/\/www.facebook.com\/elkathermbe\/\",\"https:\/\/www.instagram.com\/elkatherm_benelux\",\"https:\/\/www.youtube.com\/channel\/UCa2fW6rCLETD_B26V02eAlw\"]}]}<\/script>\n<!-- \/ Yoast SEO plugin. -->","yoast_head_json":{"title":"chamotte - Elkatherm Benelux","description":"La brique de stockage en chamotte est compos\u00e9e d\u2019ingr\u00e9dients purement naturels, dont principalement de l\u2019argile. Nous l\u2019exploitons directement sur le pas de notre porte.","robots":{"index":"index","follow":"follow","max-snippet":"max-snippet:-1","max-image-preview":"max-image-preview:large","max-video-preview":"max-video-preview:-1"},"canonical":"https:\/\/www.elkatherm-benelux.eu\/blog\/technologie\/chamotte\/","og_locale":"fr_FR","og_type":"article","og_title":"chamotte - Elkatherm Benelux","og_description":"La brique de stockage en chamotte est compos\u00e9e d\u2019ingr\u00e9dients purement naturels, dont principalement de l\u2019argile. Nous l\u2019exploitons directement sur le pas de notre porte.","og_url":"https:\/\/www.elkatherm-benelux.eu\/blog\/technologie\/chamotte\/","og_site_name":"Elkatherm Benelux","article_publisher":"https:\/\/www.facebook.com\/elkathermbe\/","article_modified_time":"2021-10-11T11:48:01+00:00","og_image":[{"url":"https:\/\/www.elkatherm-benelux.eu\/blog\/ecologique","type":"","width":"","height":""}],"twitter_card":"summary_large_image","twitter_misc":{"Dur\u00e9e de lecture estim\u00e9e":"1 minute"},"schema":{"@context":"https:\/\/schema.org","@graph":[{"@type":"WebPage","@id":"https:\/\/www.elkatherm-benelux.eu\/blog\/technologie\/chamotte\/","url":"https:\/\/www.elkatherm-benelux.eu\/blog\/technologie\/chamotte\/","name":"chamotte - Elkatherm Benelux","isPartOf":{"@id":"https:\/\/www.elkatherm-benelux.eu\/blog\/#website"},"primaryImageOfPage":{"@id":"https:\/\/www.elkatherm-benelux.eu\/blog\/technologie\/chamotte\/#primaryimage"},"image":{"@id":"https:\/\/www.elkatherm-benelux.eu\/blog\/technologie\/chamotte\/#primaryimage"},"thumbnailUrl":"https:\/\/www.elkatherm-benelux.eu\/blog\/ecologique","datePublished":"2021-10-06T14:27:19+00:00","dateModified":"2021-10-11T11:48:01+00:00","description":"La brique de stockage en chamotte est compos\u00e9e d\u2019ingr\u00e9dients purement naturels, dont principalement de l\u2019argile. Nous l\u2019exploitons directement sur le pas de notre porte.","breadcrumb":{"@id":"https:\/\/www.elkatherm-benelux.eu\/blog\/technologie\/chamotte\/#breadcrumb"},"inLanguage":"fr-FR","potentialAction":[{"@type":"ReadAction","target":["https:\/\/www.elkatherm-benelux.eu\/blog\/technologie\/chamotte\/"]}]},{"@type":"ImageObject","inLanguage":"fr-FR","@id":"https:\/\/www.elkatherm-benelux.eu\/blog\/technologie\/chamotte\/#primaryimage","url":"https:\/\/www.elkatherm-benelux.eu\/blog\/ecologique","contentUrl":"https:\/\/www.elkatherm-benelux.eu\/blog\/ecologique"},{"@type":"BreadcrumbList","@id":"https:\/\/www.elkatherm-benelux.eu\/blog\/technologie\/chamotte\/#breadcrumb","itemListElement":[{"@type":"ListItem","position":1,"name":"Accueil","item":"https:\/\/www.elkatherm-benelux.eu\/blog\/"},{"@type":"ListItem","position":2,"name":"Technologie","item":"https:\/\/www.elkatherm-benelux.eu\/blog\/technologie\/"},{"@type":"ListItem","position":3,"name":"chamotte"}]},{"@type":"WebSite","@id":"https:\/\/www.elkatherm-benelux.eu\/blog\/#website","url":"https:\/\/www.elkatherm-benelux.eu\/blog\/","name":"Elkatherm Benelux","description":"Radiateurs &eacute;lectriques &agrave; inertie","publisher":{"@id":"https:\/\/www.elkatherm-benelux.eu\/blog\/#organization"},"potentialAction":[{"@type":"SearchAction","target":{"@type":"EntryPoint","urlTemplate":"https:\/\/www.elkatherm-benelux.eu\/blog\/?s={search_term_string}"},"query-input":{"@type":"PropertyValueSpecification","valueRequired":true,"valueName":"search_term_string"}}],"inLanguage":"fr-FR"},{"@type":"Organization","@id":"https:\/\/www.elkatherm-benelux.eu\/blog\/#organization","name":"ELKATHERM Benelux","url":"https:\/\/www.elkatherm-benelux.eu\/blog\/","logo":{"@type":"ImageObject","inLanguage":"fr-FR","@id":"https:\/\/www.elkatherm-benelux.eu\/blog\/#\/schema\/logo\/image\/","url":"https:\/\/www.elkatherm-benelux.be\/wp-content\/uploads\/2021\/05\/ELKATHERM_logo.jpg","contentUrl":"https:\/\/www.elkatherm-benelux.be\/wp-content\/uploads\/2021\/05\/ELKATHERM_logo.jpg","width":577,"height":137,"caption":"ELKATHERM Benelux"},"image":{"@id":"https:\/\/www.elkatherm-benelux.eu\/blog\/#\/schema\/logo\/image\/"},"sameAs":["https:\/\/www.facebook.com\/elkathermbe\/","https:\/\/www.instagram.com\/elkatherm_benelux","https:\/\/www.youtube.com\/channel\/UCa2fW6rCLETD_B26V02eAlw"]}]}},"_links":{"self":[{"href":"https:\/\/www.elkatherm-benelux.eu\/blog\/wp-json\/wp\/v2\/pages\/5160"}],"collection":[{"href":"https:\/\/www.elkatherm-benelux.eu\/blog\/wp-json\/wp\/v2\/pages"}],"about":[{"href":"https:\/\/www.elkatherm-benelux.eu\/blog\/wp-json\/wp\/v2\/types\/page"}],"author":[{"embeddable":true,"href":"https:\/\/www.elkatherm-benelux.eu\/blog\/wp-json\/wp\/v2\/users\/1"}],"replies":[{"embeddable":true,"href":"https:\/\/www.elkatherm-benelux.eu\/blog\/wp-json\/wp\/v2\/comments?post=5160"}],"version-history":[{"count":9,"href":"https:\/\/www.elkatherm-benelux.eu\/blog\/wp-json\/wp\/v2\/pages\/5160\/revisions"}],"predecessor-version":[{"id":5258,"href":"https:\/\/www.elkatherm-benelux.eu\/blog\/wp-json\/wp\/v2\/pages\/5160\/revisions\/5258"}],"up":[{"embeddable":true,"href":"https:\/\/www.elkatherm-benelux.eu\/blog\/wp-json\/wp\/v2\/pages\/4260"}],"wp:attachment":[{"href":"https:\/\/www.elkatherm-benelux.eu\/blog\/wp-json\/wp\/v2\/media?parent=5160"}],"curies":[{"name":"wp","href":"https:\/\/api.w.org\/{rel}","templated":true}]}}