{"id":850,"date":"2020-01-21T15:50:54","date_gmt":"2020-01-21T15:50:54","guid":{"rendered":"http:\/\/www.elkatherm-benelux.be\/?page_id=850"},"modified":"2022-01-26T09:18:08","modified_gmt":"2022-01-26T09:18:08","slug":"check-list","status":"publish","type":"page","link":"https:\/\/www.elkatherm-benelux.eu\/blog\/services\/telechargements\/check-list\/","title":{"rendered":"T\u00e9l\u00e9chargements : check-list"},"content":{"rendered":"\r\n<h1 class=\"product-h1 display-3\">T\u00e9l\u00e9char&shy;gements&nbsp;: check-list<\/h1>\r\n<div class=\"downloads\">    \r\n    <div class=\"downloads-menu\">\r\n        <a id=\"manuals\" href=\"..\/manuels\">Mode d&#8217;emploi<\/a>\r\n        <a id=\"montage\" href=\"..\/guide-montage\">Guide de montage<\/a>\r\n        <a id=\"catalogue\" href=\"..\/catalogues\">Catalogues<\/a>\r\n        <a id=\"checklist\" href=\"..\/check-list\" class=\"active\">Check-list<\/a>\r\n    <\/div>\r\n    \r\n    <div class=\"wp-block-file downloads-item\">   \r\n        <h2>Check-list<\/h2>\r\n        <img decoding=\"async\" src=\"https:\/\/www.elkatherm-benelux.eu\/blog\/elka\/\" alt=\"Elkatherm\">\r\n        <br>\r\n        <a href=\"https:\/\/www.elkatherm-benelux.eu\/blog\/check_list_fr\/\" title=\"T\u00e9l\u00e9charger check-list\" class=\"wp-block-file__button\" download>T\u00e9l\u00e9charger<\/a>\r\n    <\/div>\r\n    \r\n<\/div>\r\n\r\n","protected":false},"excerpt":{"rendered":"<p>T\u00e9l\u00e9char&shy;gements&nbsp;: check-list Mode d&#8217;emploi Guide de montage Catalogues Check-list Check-list T\u00e9l\u00e9charger<\/p>\n","protected":false},"author":1,"featured_media":0,"parent":2493,"menu_order":4,"comment_status":"closed","ping_status":"closed","template":"","meta":{"footnotes":""},"yoast_head":"<!-- This site is optimized with the Yoast SEO plugin v24.5 - https:\/\/yoast.com\/wordpress\/plugins\/seo\/ -->\n<title>T\u00e9l\u00e9chargements : check-list - Elkatherm Benelux<\/title>\n<meta name=\"description\" content=\"Vous cherchez \u00e0 investir dans un radiateur ? T\u00e9l\u00e9chargez notre check-list pour n&#039;oublier aucun d\u00e9tail. Elkatherm\" \/>\n<meta name=\"robots\" content=\"index, follow, max-snippet:-1, max-image-preview:large, max-video-preview:-1\" \/>\n<link rel=\"canonical\" href=\"https:\/\/www.elkatherm-benelux.eu\/blog\/services\/telechargements\/check-list\/\" \/>\n<meta property=\"og:locale\" content=\"fr_FR\" \/>\n<meta property=\"og:type\" content=\"article\" \/>\n<meta property=\"og:title\" content=\"T\u00e9l\u00e9chargements : check-list - Elkatherm Benelux\" \/>\n<meta property=\"og:description\" content=\"Vous cherchez \u00e0 investir dans un radiateur ? T\u00e9l\u00e9chargez notre check-list pour n&#039;oublier aucun d\u00e9tail. Elkatherm\" \/>\n<meta property=\"og:url\" content=\"https:\/\/www.elkatherm-benelux.eu\/blog\/services\/telechargements\/check-list\/\" \/>\n<meta property=\"og:site_name\" content=\"Elkatherm Benelux\" \/>\n<meta property=\"article:publisher\" content=\"https:\/\/www.facebook.com\/elkathermbe\/\" \/>\n<meta property=\"article:modified_time\" content=\"2022-01-26T09:18:08+00:00\" \/>\n<meta property=\"og:image\" content=\"https:\/\/www.elkatherm-benelux.eu\/blog\/elka\/\" \/>\n<meta name=\"twitter:card\" content=\"summary_large_image\" \/>\n<meta name=\"twitter:label1\" content=\"Dur\u00e9e de lecture estim\u00e9e\" \/>\n\t<meta name=\"twitter:data1\" content=\"1 minute\" \/>\n<script type=\"application\/ld+json\" class=\"yoast-schema-graph\">{\"@context\":\"https:\/\/schema.org\",\"@graph\":[{\"@type\":\"WebPage\",\"@id\":\"https:\/\/www.elkatherm-benelux.eu\/blog\/services\/telechargements\/check-list\/\",\"url\":\"https:\/\/www.elkatherm-benelux.eu\/blog\/services\/telechargements\/check-list\/\",\"name\":\"T\u00e9l\u00e9chargements : check-list - Elkatherm Benelux\",\"isPartOf\":{\"@id\":\"https:\/\/www.elkatherm-benelux.eu\/blog\/#website\"},\"primaryImageOfPage\":{\"@id\":\"https:\/\/www.elkatherm-benelux.eu\/blog\/services\/telechargements\/check-list\/#primaryimage\"},\"image\":{\"@id\":\"https:\/\/www.elkatherm-benelux.eu\/blog\/services\/telechargements\/check-list\/#primaryimage\"},\"thumbnailUrl\":\"https:\/\/www.elkatherm-benelux.eu\/blog\/elka\/\",\"datePublished\":\"2020-01-21T15:50:54+00:00\",\"dateModified\":\"2022-01-26T09:18:08+00:00\",\"description\":\"Vous cherchez \u00e0 investir dans un radiateur ? T\u00e9l\u00e9chargez notre check-list pour n'oublier aucun d\u00e9tail. Elkatherm\",\"breadcrumb\":{\"@id\":\"https:\/\/www.elkatherm-benelux.eu\/blog\/services\/telechargements\/check-list\/#breadcrumb\"},\"inLanguage\":\"fr-FR\",\"potentialAction\":[{\"@type\":\"ReadAction\",\"target\":[\"https:\/\/www.elkatherm-benelux.eu\/blog\/services\/telechargements\/check-list\/\"]}]},{\"@type\":\"ImageObject\",\"inLanguage\":\"fr-FR\",\"@id\":\"https:\/\/www.elkatherm-benelux.eu\/blog\/services\/telechargements\/check-list\/#primaryimage\",\"url\":\"https:\/\/www.elkatherm-benelux.eu\/blog\/elka\/\",\"contentUrl\":\"https:\/\/www.elkatherm-benelux.eu\/blog\/elka\/\"},{\"@type\":\"BreadcrumbList\",\"@id\":\"https:\/\/www.elkatherm-benelux.eu\/blog\/services\/telechargements\/check-list\/#breadcrumb\",\"itemListElement\":[{\"@type\":\"ListItem\",\"position\":1,\"name\":\"Accueil\",\"item\":\"https:\/\/www.elkatherm-benelux.eu\/blog\/\"},{\"@type\":\"ListItem\",\"position\":2,\"name\":\"Services\",\"item\":\"https:\/\/www.elkatherm-benelux.eu\/blog\/services\/\"},{\"@type\":\"ListItem\",\"position\":3,\"name\":\"T\u00e9l\u00e9chargements\",\"item\":\"https:\/\/www.elkatherm-benelux.eu\/blog\/services\/telechargements\/\"},{\"@type\":\"ListItem\",\"position\":4,\"name\":\"T\u00e9l\u00e9chargements : check-list\"}]},{\"@type\":\"WebSite\",\"@id\":\"https:\/\/www.elkatherm-benelux.eu\/blog\/#website\",\"url\":\"https:\/\/www.elkatherm-benelux.eu\/blog\/\",\"name\":\"Elkatherm Benelux\",\"description\":\"Radiateurs &eacute;lectriques &agrave; inertie\",\"publisher\":{\"@id\":\"https:\/\/www.elkatherm-benelux.eu\/blog\/#organization\"},\"potentialAction\":[{\"@type\":\"SearchAction\",\"target\":{\"@type\":\"EntryPoint\",\"urlTemplate\":\"https:\/\/www.elkatherm-benelux.eu\/blog\/?s={search_term_string}\"},\"query-input\":{\"@type\":\"PropertyValueSpecification\",\"valueRequired\":true,\"valueName\":\"search_term_string\"}}],\"inLanguage\":\"fr-FR\"},{\"@type\":\"Organization\",\"@id\":\"https:\/\/www.elkatherm-benelux.eu\/blog\/#organization\",\"name\":\"ELKATHERM Benelux\",\"url\":\"https:\/\/www.elkatherm-benelux.eu\/blog\/\",\"logo\":{\"@type\":\"ImageObject\",\"inLanguage\":\"fr-FR\",\"@id\":\"https:\/\/www.elkatherm-benelux.eu\/blog\/#\/schema\/logo\/image\/\",\"url\":\"https:\/\/www.elkatherm-benelux.be\/wp-content\/uploads\/2021\/05\/ELKATHERM_logo.jpg\",\"contentUrl\":\"https:\/\/www.elkatherm-benelux.be\/wp-content\/uploads\/2021\/05\/ELKATHERM_logo.jpg\",\"width\":577,\"height\":137,\"caption\":\"ELKATHERM Benelux\"},\"image\":{\"@id\":\"https:\/\/www.elkatherm-benelux.eu\/blog\/#\/schema\/logo\/image\/\"},\"sameAs\":[\"https:\/\/www.facebook.com\/elkathermbe\/\",\"https:\/\/www.instagram.com\/elkatherm_benelux\",\"https:\/\/www.youtube.com\/channel\/UCa2fW6rCLETD_B26V02eAlw\"]}]}<\/script>\n<!-- \/ Yoast SEO plugin. -->","yoast_head_json":{"title":"T\u00e9l\u00e9chargements : check-list - Elkatherm Benelux","description":"Vous cherchez \u00e0 investir dans un radiateur ? T\u00e9l\u00e9chargez notre check-list pour n'oublier aucun d\u00e9tail. Elkatherm","robots":{"index":"index","follow":"follow","max-snippet":"max-snippet:-1","max-image-preview":"max-image-preview:large","max-video-preview":"max-video-preview:-1"},"canonical":"https:\/\/www.elkatherm-benelux.eu\/blog\/services\/telechargements\/check-list\/","og_locale":"fr_FR","og_type":"article","og_title":"T\u00e9l\u00e9chargements : check-list - Elkatherm Benelux","og_description":"Vous cherchez \u00e0 investir dans un radiateur ? T\u00e9l\u00e9chargez notre check-list pour n'oublier aucun d\u00e9tail. Elkatherm","og_url":"https:\/\/www.elkatherm-benelux.eu\/blog\/services\/telechargements\/check-list\/","og_site_name":"Elkatherm Benelux","article_publisher":"https:\/\/www.facebook.com\/elkathermbe\/","article_modified_time":"2022-01-26T09:18:08+00:00","og_image":[{"url":"https:\/\/www.elkatherm-benelux.eu\/blog\/elka\/","type":"","width":"","height":""}],"twitter_card":"summary_large_image","twitter_misc":{"Dur\u00e9e de lecture estim\u00e9e":"1 minute"},"schema":{"@context":"https:\/\/schema.org","@graph":[{"@type":"WebPage","@id":"https:\/\/www.elkatherm-benelux.eu\/blog\/services\/telechargements\/check-list\/","url":"https:\/\/www.elkatherm-benelux.eu\/blog\/services\/telechargements\/check-list\/","name":"T\u00e9l\u00e9chargements : check-list - Elkatherm Benelux","isPartOf":{"@id":"https:\/\/www.elkatherm-benelux.eu\/blog\/#website"},"primaryImageOfPage":{"@id":"https:\/\/www.elkatherm-benelux.eu\/blog\/services\/telechargements\/check-list\/#primaryimage"},"image":{"@id":"https:\/\/www.elkatherm-benelux.eu\/blog\/services\/telechargements\/check-list\/#primaryimage"},"thumbnailUrl":"https:\/\/www.elkatherm-benelux.eu\/blog\/elka\/","datePublished":"2020-01-21T15:50:54+00:00","dateModified":"2022-01-26T09:18:08+00:00","description":"Vous cherchez \u00e0 investir dans un radiateur ? T\u00e9l\u00e9chargez notre check-list pour n'oublier aucun d\u00e9tail. Elkatherm","breadcrumb":{"@id":"https:\/\/www.elkatherm-benelux.eu\/blog\/services\/telechargements\/check-list\/#breadcrumb"},"inLanguage":"fr-FR","potentialAction":[{"@type":"ReadAction","target":["https:\/\/www.elkatherm-benelux.eu\/blog\/services\/telechargements\/check-list\/"]}]},{"@type":"ImageObject","inLanguage":"fr-FR","@id":"https:\/\/www.elkatherm-benelux.eu\/blog\/services\/telechargements\/check-list\/#primaryimage","url":"https:\/\/www.elkatherm-benelux.eu\/blog\/elka\/","contentUrl":"https:\/\/www.elkatherm-benelux.eu\/blog\/elka\/"},{"@type":"BreadcrumbList","@id":"https:\/\/www.elkatherm-benelux.eu\/blog\/services\/telechargements\/check-list\/#breadcrumb","itemListElement":[{"@type":"ListItem","position":1,"name":"Accueil","item":"https:\/\/www.elkatherm-benelux.eu\/blog\/"},{"@type":"ListItem","position":2,"name":"Services","item":"https:\/\/www.elkatherm-benelux.eu\/blog\/services\/"},{"@type":"ListItem","position":3,"name":"T\u00e9l\u00e9chargements","item":"https:\/\/www.elkatherm-benelux.eu\/blog\/services\/telechargements\/"},{"@type":"ListItem","position":4,"name":"T\u00e9l\u00e9chargements : check-list"}]},{"@type":"WebSite","@id":"https:\/\/www.elkatherm-benelux.eu\/blog\/#website","url":"https:\/\/www.elkatherm-benelux.eu\/blog\/","name":"Elkatherm Benelux","description":"Radiateurs &eacute;lectriques &agrave; inertie","publisher":{"@id":"https:\/\/www.elkatherm-benelux.eu\/blog\/#organization"},"potentialAction":[{"@type":"SearchAction","target":{"@type":"EntryPoint","urlTemplate":"https:\/\/www.elkatherm-benelux.eu\/blog\/?s={search_term_string}"},"query-input":{"@type":"PropertyValueSpecification","valueRequired":true,"valueName":"search_term_string"}}],"inLanguage":"fr-FR"},{"@type":"Organization","@id":"https:\/\/www.elkatherm-benelux.eu\/blog\/#organization","name":"ELKATHERM Benelux","url":"https:\/\/www.elkatherm-benelux.eu\/blog\/","logo":{"@type":"ImageObject","inLanguage":"fr-FR","@id":"https:\/\/www.elkatherm-benelux.eu\/blog\/#\/schema\/logo\/image\/","url":"https:\/\/www.elkatherm-benelux.be\/wp-content\/uploads\/2021\/05\/ELKATHERM_logo.jpg","contentUrl":"https:\/\/www.elkatherm-benelux.be\/wp-content\/uploads\/2021\/05\/ELKATHERM_logo.jpg","width":577,"height":137,"caption":"ELKATHERM Benelux"},"image":{"@id":"https:\/\/www.elkatherm-benelux.eu\/blog\/#\/schema\/logo\/image\/"},"sameAs":["https:\/\/www.facebook.com\/elkathermbe\/","https:\/\/www.instagram.com\/elkatherm_benelux","https:\/\/www.youtube.com\/channel\/UCa2fW6rCLETD_B26V02eAlw"]}]}},"_links":{"self":[{"href":"https:\/\/www.elkatherm-benelux.eu\/blog\/wp-json\/wp\/v2\/pages\/850"}],"collection":[{"href":"https:\/\/www.elkatherm-benelux.eu\/blog\/wp-json\/wp\/v2\/pages"}],"about":[{"href":"https:\/\/www.elkatherm-benelux.eu\/blog\/wp-json\/wp\/v2\/types\/page"}],"author":[{"embeddable":true,"href":"https:\/\/www.elkatherm-benelux.eu\/blog\/wp-json\/wp\/v2\/users\/1"}],"replies":[{"embeddable":true,"href":"https:\/\/www.elkatherm-benelux.eu\/blog\/wp-json\/wp\/v2\/comments?post=850"}],"version-history":[{"count":27,"href":"https:\/\/www.elkatherm-benelux.eu\/blog\/wp-json\/wp\/v2\/pages\/850\/revisions"}],"predecessor-version":[{"id":5742,"href":"https:\/\/www.elkatherm-benelux.eu\/blog\/wp-json\/wp\/v2\/pages\/850\/revisions\/5742"}],"up":[{"embeddable":true,"href":"https:\/\/www.elkatherm-benelux.eu\/blog\/wp-json\/wp\/v2\/pages\/2493"}],"wp:attachment":[{"href":"https:\/\/www.elkatherm-benelux.eu\/blog\/wp-json\/wp\/v2\/media?parent=850"}],"curies":[{"name":"wp","href":"https:\/\/api.w.org\/{rel}","templated":true}]}}